{"id":853,"date":"2025-10-30T19:01:12","date_gmt":"2025-10-30T18:01:12","guid":{"rendered":"https:\/\/chemins.ovh\/?page_id=853"},"modified":"2025-12-23T16:00:38","modified_gmt":"2025-12-23T15:00:38","slug":"2010-05-30","status":"publish","type":"page","link":"https:\/\/chemins.ovh\/?page_id=853","title":{"rendered":"01-13 Dimanche 30 Mai 2010 Le Puy en Velay"},"content":{"rendered":"<p>[et_pb_section fb_built=\u00a0\u00bb1&Prime; _builder_version=\u00a0\u00bb4.24.2&Prime; _module_preset=\u00a0\u00bbdefault\u00a0\u00bb background_color=\u00a0\u00bbrgba(190,244,202,0.95)\u00a0\u00bb background_enable_image=\u00a0\u00bboff\u00a0\u00bb background_size=\u00a0\u00bbcontain\u00a0\u00bb background_position=\u00a0\u00bbtop_center\u00a0\u00bb width=\u00a0\u00bb100%\u00a0\u00bb max_width=\u00a0\u00bb100%\u00a0\u00bb custom_margin=\u00a0\u00bb-20px||||false|false\u00a0\u00bb global_colors_info=\u00a0\u00bb{}\u00a0\u00bb][et_pb_row column_structure=\u00a0\u00bb1_4,3_4&Prime; _builder_version=\u00a0\u00bb4.24.2&Prime; _module_preset=\u00a0\u00bbdefault\u00a0\u00bb background_color=\u00a0\u00bbrgba(190,244,202,0.95)\u00a0\u00bb custom_padding=\u00a0\u00bb||||false|false\u00a0\u00bb global_colors_info=\u00a0\u00bb{}\u00a0\u00bb][et_pb_column type=\u00a0\u00bb1_4&Prime; _builder_version=\u00a0\u00bb4.24.2&Prime; _module_preset=\u00a0\u00bbdefault\u00a0\u00bb global_colors_info=\u00a0\u00bb{}\u00a0\u00bb][et_pb_image src=\u00a0\u00bbhttp:\/\/chemins.ovh\/wp-content\/uploads\/2025\/10\/pelerin-vert-5.png\u00a0\u00bb title_text=\u00a0\u00bbpelerin-vert-5&Prime; _builder_version=\u00a0\u00bb4.24.2&Prime; _module_preset=\u00a0\u00bbdefault\u00a0\u00bb animation_style=\u00a0\u00bbslide\u00a0\u00bb animation_direction=\u00a0\u00bbleft\u00a0\u00bb animation_duration=\u00a0\u00bb1850ms\u00a0\u00bb animation_intensity_slide=\u00a0\u00bb100%\u00a0\u00bb animation_speed_curve=\u00a0\u00bblinear\u00a0\u00bb global_colors_info=\u00a0\u00bb{}\u00a0\u00bb][\/et_pb_image][\/et_pb_column][et_pb_column type=\u00a0\u00bb3_4&Prime; _builder_version=\u00a0\u00bb4.24.2&Prime; _module_preset=\u00a0\u00bbdefault\u00a0\u00bb global_colors_info=\u00a0\u00bb{}\u00a0\u00bb][et_pb_image title_text=\u00a0\u00bbLe retour\u00a0\u00bb _builder_version=\u00a0\u00bb4.24.2&Prime; _module_preset=\u00a0\u00bbdefault\u00a0\u00bb background_color=\u00a0\u00bbrgba(190,244,202,0.95)\u00a0\u00bb custom_margin=\u00a0\u00bb-20px||||false|false\u00a0\u00bb global_colors_info=\u00a0\u00bb{}\u00a0\u00bb][\/et_pb_image][et_pb_text _builder_version=\u00a0\u00bb4.24.2&Prime; _module_preset=\u00a0\u00bbdefault\u00a0\u00bb background_color=\u00a0\u00bbrgba(190,244,202,0.95)\u00a0\u00bb custom_margin=\u00a0\u00bb-10px||-40px||false|false\u00a0\u00bb border_radii=\u00a0\u00bbon|1px|1px|1px|1px\u00a0\u00bb border_width_all=\u00a0\u00bb1px\u00a0\u00bb border_color_all=\u00a0\u00bb#000000&Prime; box_shadow_style=\u00a0\u00bbpreset2&Prime; global_colors_info=\u00a0\u00bb{}\u00a0\u00bb]<\/p>\n<h1 style=\"text-align: center;\"><strong>Dimanche 30 Mai 2010<\/strong><\/h1>\n<p>[\/et_pb_text][\/et_pb_column][\/et_pb_row][\/et_pb_section][et_pb_section fb_built=\u00a0\u00bb1&Prime; _builder_version=\u00a0\u00bb4.24.2&Prime; _module_preset=\u00a0\u00bbdefault\u00a0\u00bb background_color=\u00a0\u00bbrgba(190,244,202,0.95)\u00a0\u00bb custom_margin=\u00a0\u00bb-80px||||false|false\u00a0\u00bb global_colors_info=\u00a0\u00bb{}\u00a0\u00bb][et_pb_row column_structure=\u00a0\u00bb1_3,2_3&Prime; _builder_version=\u00a0\u00bb4.24.2&Prime; _module_preset=\u00a0\u00bbdefault\u00a0\u00bb background_color=\u00a0\u00bbrgba(190,244,202,0.95)\u00a0\u00bb width=\u00a0\u00bb100%\u00a0\u00bb max_width=\u00a0\u00bb1080px\u00a0\u00bb global_colors_info=\u00a0\u00bb{}\u00a0\u00bb][et_pb_column type=\u00a0\u00bb1_3&Prime; _builder_version=\u00a0\u00bb4.24.2&Prime; _module_preset=\u00a0\u00bbdefault\u00a0\u00bb global_colors_info=\u00a0\u00bb{}\u00a0\u00bb][et_pb_gallery gallery_ids=\u00a0\u00bb861,862,863,864,865,866,867,868&Prime; posts_number=\u00a0\u00bb8&Prime; db_images_per_row=\u00a0\u00bb2&Prime; db_image_max_width=\u00a0\u00bb80%\u00a0\u00bb db_image_max_height=\u00a0\u00bb100%\u00a0\u00bb db_image_row_spacing=\u00a0\u00bb0&Prime; dbdb_version=\u00a0\u00bb4.3.5&Prime; show_pagination=\u00a0\u00bboff\u00a0\u00bb _builder_version=\u00a0\u00bb4.24.2&Prime; _module_preset=\u00a0\u00bbdefault\u00a0\u00bb title_font_size=\u00a0\u00bb12px\u00a0\u00bb module_alignment=\u00a0\u00bbcenter\u00a0\u00bb custom_margin=\u00a0\u00bb2px|||2px|false|false\u00a0\u00bb custom_padding=\u00a0\u00bb||||false|false\u00a0\u00bb border_color_all=\u00a0\u00bb#000000&Prime; box_shadow_style_image=\u00a0\u00bbpreset2&Prime; global_colors_info=\u00a0\u00bb{}\u00a0\u00bb][\/et_pb_gallery][\/et_pb_column][et_pb_column type=\u00a0\u00bb2_3&Prime; _builder_version=\u00a0\u00bb4.24.2&Prime; _module_preset=\u00a0\u00bbdefault\u00a0\u00bb global_colors_info=\u00a0\u00bb{}\u00a0\u00bb][et_pb_text admin_label=\u00a0\u00bbsuite retour\u00a0\u00bb _builder_version=\u00a0\u00bb4.24.2&Prime; _module_preset=\u00a0\u00bbdefault\u00a0\u00bb background_color=\u00a0\u00bbrgba(190,244,202,0.95)\u00a0\u00bb border_radii=\u00a0\u00bbon|1px|1px|1px|1px\u00a0\u00bb border_width_all=\u00a0\u00bb1px\u00a0\u00bb box_shadow_style=\u00a0\u00bbpreset2&Prime; global_colors_info=\u00a0\u00bb{}\u00a0\u00bb]<\/p>\n<h1 style=\"text-align: center;\">\u00a0<\/h1>\n<h1 style=\"text-align: center;\"><strong>\u00a012\u00e8me \u00e9tape retour au Puy<\/strong><\/h1>\n<p>[\/et_pb_text][et_pb_text admin_label=\u00a0\u00bbretour au Puy\u00a0\u00bb _builder_version=\u00a0\u00bb4.24.2&Prime; _module_preset=\u00a0\u00bbdefault\u00a0\u00bb text_font=\u00a0\u00bb|600|||||||\u00a0\u00bb text_text_color=\u00a0\u00bb#000000&Prime; text_font_size=\u00a0\u00bb16px\u00a0\u00bb header_text_align=\u00a0\u00bbjustify\u00a0\u00bb header_text_color=\u00a0\u00bb#000000&Prime; background_color=\u00a0\u00bbrgba(190,244,202,0.95)\u00a0\u00bb text_orientation=\u00a0\u00bbjustified\u00a0\u00bb custom_margin=\u00a0\u00bb||||false|false\u00a0\u00bb custom_padding=\u00a0\u00bb10px|10px|10px|10px|false|false\u00a0\u00bb border_radii=\u00a0\u00bbon|1px|1px|1px|1px\u00a0\u00bb border_width_all=\u00a0\u00bb1px\u00a0\u00bb border_color_all=\u00a0\u00bb#000000&Prime; box_shadow_style=\u00a0\u00bbpreset2&Prime; global_colors_info=\u00a0\u00bb{}\u00a0\u00bb]de\u00a0S\u00e9verac le Ch\u00e2teau\u00a0 au\u00a0Puy<\/p>\n<p>Le matin, t\u00f4t lev\u00e9 comme habituellement pendant notre randonn\u00e9e, nous sommes les premiers au petit d\u00e9jeuner. Il pleut, nous sommes oblig\u00e9s de prot\u00e9ger notre sac. Nous arrivons \u00e0 la gare. Le chef de gare interroge son ordinateur et nous fait savoir qu\u2019il n\u2019y a rien. Guy montre les recherches faites par l\u2019employ\u00e9e de l\u2019H\u00f4tel. IL est sceptique mais essaye de nouveau.\u00a0\u00a0 L\u00e0, il trouve effectivement un train \u00e0 11 H 30 puis 3 bus.<\/p>\n<p>En attendant 11 H 30, nous profitons de faire un petit tour dans S\u00e9v\u00e9rac le Ch\u00e2teau. L\u2019\u00e9glise puis plus rien m\u00eame pas une \u00e9picerie pour prendre un sandwich pour\u00a0le train. Le panneau nous indique la direction de la cit\u00e9 m\u00e9di\u00e9vale. Vu le temps qu\u2019il nous reste nous montons vers le ch\u00e2teau.<\/p>\n<p>Village autour des ruines du ch\u00e2teau, belles ruelles et tours, \u00e9glise, nous voyons le tout. Une \u00e9picerie est ouverte, pas de sandwich tout fait mais on nous propose une baguette et du jambon. Je demande un couteau et je fais nos sandwichs, l\u2019\u00e9pici\u00e8re tr\u00e8s gentille\u00a0nous donne des serviettes en papier et un sachet. Nous sommes pr\u00eats \u00e0 redescendre, au moins nous avons de quoi manger ce midi.<\/p>\n<p>Nous arrivons \u00e0 la gare un peu avant 11 H 30. Le train arrive, nous montons. Dans le compartiment il n\u2019y a qu\u2019un gars et son enfant.\u00a0 Le train pour nous seul. Le train fait\u00a0 le parcours vers Aumont Aubrac o\u00f9 nous sommes pass\u00e9s \u00e0 pieds. Il pleut et nous voyons des p\u00e8lerins marcher sous le pluie avec les capes. Nous descendons apr\u00e8s 1 H 30 et nous devons reprendre un bus mais pas avant 2 heures. Nous essayons de trouver un caf\u00e9 pour prendre une consommation mais les deux caf\u00e9s sont ferm\u00e9s.<\/p>\n<p>Nous revenons \u00e0 la gare et nous prenons dans le distributeur de quoi boire. Le chef de gare arrive sur ce et nous presse \u00e0 monter dans le bus car est d\u00e9j\u00e0 arriv\u00e9. Nous ne comprenons pas bien l\u2019horaire mais nous montons dans ce bus.\u00a0 En r\u00e9alit\u00e9, le chef de gare s\u2019est tromp\u00e9 dans les horaires, les horaires recueillis par l\u2019h\u00f4teli\u00e8re sont exacts mais pas les siens.<\/p>\n<p>Apr\u00e8s le second bus, \u00be d\u2019heure d\u2019attente et ensuite pour le 3<sup>\u00e8me<\/sup> bus, 2 heures d\u2019attente dans la gare. Enfin dans le dernier bus, nous arrivons au Puy \u00e0 19 H 30, juste pour le repas du soir au S\u00e9minaire St Georges o\u00f9 la chambre est r\u00e9serv\u00e9 ainsi que le repas. Au repas du soir, enfin nous pouvons go\u00fbter les fameuses lentilles du Puy. A table, nous sommes avec des p\u00e8lerins du sud ouest qui ont d\u00e9j\u00e0 march\u00e9 sur le chemin et qui le refont une seconde fois. La soir\u00e9e est sympa, nous allons nous coucher contents d\u2019\u00eatre enfin arriv\u00e9s au Puy.<br \/>\n[\/et_pb_text][\/et_pb_column][\/et_pb_row][\/et_pb_section]<\/p>\n","protected":false},"excerpt":{"rendered":"<p>Dimanche 30 Mai 2010 \u00a0 \u00a012\u00e8me \u00e9tape retour au Puyde\u00a0S\u00e9verac le Ch\u00e2teau\u00a0 au\u00a0Puy Le matin, t\u00f4t lev\u00e9 comme habituellement pendant notre randonn\u00e9e, nous sommes les premiers au petit d\u00e9jeuner. Il pleut, nous sommes oblig\u00e9s de prot\u00e9ger notre sac. Nous arrivons \u00e0 la gare. Le chef de gare interroge son ordinateur et nous fait savoir qu\u2019il [&hellip;]<\/p>\n","protected":false},"author":1,"featured_media":0,"parent":0,"menu_order":0,"comment_status":"closed","ping_status":"closed","template":"","meta":{"_et_pb_use_builder":"on","_et_pb_old_content":"","_et_gb_content_width":"","footnotes":""},"class_list":["post-853","page","type-page","status-publish","hentry"],"_links":{"self":[{"href":"https:\/\/chemins.ovh\/index.php?rest_route=\/wp\/v2\/pages\/853","targetHints":{"allow":["GET"]}}],"collection":[{"href":"https:\/\/chemins.ovh\/index.php?rest_route=\/wp\/v2\/pages"}],"about":[{"href":"https:\/\/chemins.ovh\/index.php?rest_route=\/wp\/v2\/types\/page"}],"author":[{"embeddable":true,"href":"https:\/\/chemins.ovh\/index.php?rest_route=\/wp\/v2\/users\/1"}],"replies":[{"embeddable":true,"href":"https:\/\/chemins.ovh\/index.php?rest_route=%2Fwp%2Fv2%2Fcomments&post=853"}],"version-history":[{"count":20,"href":"https:\/\/chemins.ovh\/index.php?rest_route=\/wp\/v2\/pages\/853\/revisions"}],"predecessor-version":[{"id":2220,"href":"https:\/\/chemins.ovh\/index.php?rest_route=\/wp\/v2\/pages\/853\/revisions\/2220"}],"wp:attachment":[{"href":"https:\/\/chemins.ovh\/index.php?rest_route=%2Fwp%2Fv2%2Fmedia&parent=853"}],"curies":[{"name":"wp","href":"https:\/\/api.w.org\/{rel}","templated":true}]}}