{"id":846,"date":"2025-10-30T19:00:41","date_gmt":"2025-10-30T18:00:41","guid":{"rendered":"https:\/\/chemins.ovh\/?page_id=846"},"modified":"2025-11-29T14:27:06","modified_gmt":"2025-11-29T13:27:06","slug":"2010-05-29","status":"publish","type":"page","link":"https:\/\/chemins.ovh\/?page_id=846","title":{"rendered":"01-12 Samedi 29 Mai 2010 S\u00e9verac"},"content":{"rendered":"<p>[et_pb_section fb_built=\u00a0\u00bb1&Prime; _builder_version=\u00a0\u00bb4.24.2&Prime; _module_preset=\u00a0\u00bbdefault\u00a0\u00bb background_color=\u00a0\u00bbrgba(190,244,202,0.95)\u00a0\u00bb background_enable_image=\u00a0\u00bboff\u00a0\u00bb background_size=\u00a0\u00bbcontain\u00a0\u00bb background_position=\u00a0\u00bbtop_center\u00a0\u00bb width=\u00a0\u00bb100%\u00a0\u00bb max_width=\u00a0\u00bb100%\u00a0\u00bb custom_margin=\u00a0\u00bb-20px||||false|false\u00a0\u00bb global_colors_info=\u00a0\u00bb{}\u00a0\u00bb][et_pb_row _builder_version=\u00a0\u00bb4.24.2&Prime; _module_preset=\u00a0\u00bbdefault\u00a0\u00bb background_color=\u00a0\u00bbrgba(190,244,202,0.95)\u00a0\u00bb custom_padding=\u00a0\u00bb||||false|false\u00a0\u00bb global_colors_info=\u00a0\u00bb{}\u00a0\u00bb][et_pb_column type=\u00a0\u00bb4_4&Prime; _builder_version=\u00a0\u00bb4.24.2&Prime; _module_preset=\u00a0\u00bbdefault\u00a0\u00bb global_colors_info=\u00a0\u00bb{}\u00a0\u00bb][et_pb_image src=\u00a0\u00bbhttp:\/\/chemins.ovh\/wp-content\/uploads\/2025\/10\/Le-retour.jpg\u00a0\u00bb title_text=\u00a0\u00bbLe retour\u00a0\u00bb _builder_version=\u00a0\u00bb4.24.2&Prime; _module_preset=\u00a0\u00bbdefault\u00a0\u00bb background_color=\u00a0\u00bbrgba(190,244,202,0.95)\u00a0\u00bb custom_margin=\u00a0\u00bb-20px||||false|false\u00a0\u00bb global_colors_info=\u00a0\u00bb{}\u00a0\u00bb][\/et_pb_image][et_pb_text _builder_version=\u00a0\u00bb4.24.2&Prime; _module_preset=\u00a0\u00bbdefault\u00a0\u00bb background_color=\u00a0\u00bbrgba(190,244,202,0.95)\u00a0\u00bb custom_margin=\u00a0\u00bb-10px||-40px||false|false\u00a0\u00bb border_radii=\u00a0\u00bbon|1px|1px|1px|1px\u00a0\u00bb border_width_all=\u00a0\u00bb1px\u00a0\u00bb border_color_all=\u00a0\u00bb#000000&Prime; box_shadow_style=\u00a0\u00bbpreset2&Prime; global_colors_info=\u00a0\u00bb{}\u00a0\u00bb]<\/p>\n<h1 style=\"text-align: center;\"><strong>Samedi 29 Mai 2010<\/strong><\/h1>\n<p>[\/et_pb_text][\/et_pb_column][\/et_pb_row][\/et_pb_section][et_pb_section fb_built=\u00a0\u00bb1&Prime; _builder_version=\u00a0\u00bb4.24.2&Prime; _module_preset=\u00a0\u00bbdefault\u00a0\u00bb background_color=\u00a0\u00bbrgba(190,244,202,0.95)\u00a0\u00bb custom_margin=\u00a0\u00bb-80px||||false|false\u00a0\u00bb hover_enabled=\u00a0\u00bb0&Prime; global_colors_info=\u00a0\u00bb{}\u00a0\u00bb sticky_enabled=\u00a0\u00bb0&Prime;][et_pb_row column_structure=\u00a0\u00bb1_3,2_3&Prime; _builder_version=\u00a0\u00bb4.24.2&Prime; _module_preset=\u00a0\u00bbdefault\u00a0\u00bb background_color=\u00a0\u00bbrgba(190,244,202,0.95)\u00a0\u00bb width=\u00a0\u00bb100%\u00a0\u00bb max_width=\u00a0\u00bb1080px\u00a0\u00bb global_colors_info=\u00a0\u00bb{}\u00a0\u00bb][et_pb_column type=\u00a0\u00bb1_3&Prime; _builder_version=\u00a0\u00bb4.24.2&Prime; _module_preset=\u00a0\u00bbdefault\u00a0\u00bb global_colors_info=\u00a0\u00bb{}\u00a0\u00bb][et_pb_gallery gallery_ids=\u00a0\u00bb875,876,877,878,879,880,881,882,883,884,885,886,887,888,889,890,891,892,893,894,895,896,897,898,899,900,901&Prime; posts_number=\u00a0\u00bb27&Prime; db_images_per_row=\u00a0\u00bb3&Prime; db_image_max_width=\u00a0\u00bb80%\u00a0\u00bb db_image_max_height=\u00a0\u00bb100%\u00a0\u00bb db_image_row_spacing=\u00a0\u00bb0&Prime; dbdb_version=\u00a0\u00bb4.3.5&Prime; show_pagination=\u00a0\u00bboff\u00a0\u00bb _builder_version=\u00a0\u00bb4.24.2&Prime; _module_preset=\u00a0\u00bbdefault\u00a0\u00bb title_font_size=\u00a0\u00bb12px\u00a0\u00bb module_alignment=\u00a0\u00bbcenter\u00a0\u00bb custom_margin=\u00a0\u00bb2px|||2px|false|false\u00a0\u00bb custom_padding=\u00a0\u00bb||||false|false\u00a0\u00bb border_color_all=\u00a0\u00bb#000000&Prime; box_shadow_style_image=\u00a0\u00bbpreset2&Prime; global_colors_info=\u00a0\u00bb{}\u00a0\u00bb][\/et_pb_gallery][\/et_pb_column][et_pb_column type=\u00a0\u00bb2_3&Prime; _builder_version=\u00a0\u00bb4.24.2&Prime; _module_preset=\u00a0\u00bbdefault\u00a0\u00bb global_colors_info=\u00a0\u00bb{}\u00a0\u00bb][et_pb_text admin_label=\u00a0\u00bbsuite retour\u00a0\u00bb _builder_version=\u00a0\u00bb4.24.2&Prime; _module_preset=\u00a0\u00bbdefault\u00a0\u00bb background_color=\u00a0\u00bbrgba(190,244,202,0.95)\u00a0\u00bb border_radii=\u00a0\u00bbon|1px|1px|1px|1px\u00a0\u00bb border_width_all=\u00a0\u00bb1px\u00a0\u00bb box_shadow_style=\u00a0\u00bbpreset2&Prime; global_colors_info=\u00a0\u00bb{}\u00a0\u00bb]<\/p>\n<h1 style=\"text-align: center;\">\u00a0<\/h1>\n<h1 style=\"text-align: center;\"><strong>\u00a011\u00e8me D\u00e9but du retour<\/strong><\/h1>\n<p>[\/et_pb_text][et_pb_text admin_label=\u00a0\u00bbs\u00e9verac\u00a0\u00bb _builder_version=\u00a0\u00bb4.24.2&Prime; _module_preset=\u00a0\u00bbdefault\u00a0\u00bb text_font=\u00a0\u00bb|600|||||||\u00a0\u00bb text_text_color=\u00a0\u00bb#000000&Prime; text_font_size=\u00a0\u00bb16px\u00a0\u00bb header_text_align=\u00a0\u00bbjustify\u00a0\u00bb header_text_color=\u00a0\u00bb#000000&Prime; background_color=\u00a0\u00bbrgba(190,244,202,0.95)\u00a0\u00bb text_orientation=\u00a0\u00bbjustified\u00a0\u00bb custom_margin=\u00a0\u00bb||||false|false\u00a0\u00bb custom_padding=\u00a0\u00bb10px|10px|10px|10px|false|false\u00a0\u00bb border_radii=\u00a0\u00bbon|1px|1px|1px|1px\u00a0\u00bb border_width_all=\u00a0\u00bb1px\u00a0\u00bb border_color_all=\u00a0\u00bb#000000&Prime; box_shadow_style=\u00a0\u00bbpreset2&Prime; global_colors_info=\u00a0\u00bb{}\u00a0\u00bb]<\/p>\n<p>de H\u00e9bergement Corinne \u00e0 Decazeville \u00e0 S\u00e9verac le ch\u00e2teau<\/p>\n<p>Au lever habituel, la toilette est rapide.\u00a0 Corinne est lev\u00e9e t\u00f4t, petit d\u00e9j vite aval\u00e9. C\u2019est le d\u00e9part pour le p\u00e9riple du retour.<\/p>\n<p>Apr\u00e8s 50 m\u00e8tres, nous passons devant une maison o\u00f9 le propri\u00e9taire devant son v\u00e9hicule nous demande ce que nous faisons en sens inverse du chemin. Nous lui expliquons que nous allons vers Decazeville pour trouver un taxi qui nous m\u00e8nera \u00e0 Conques mais qu\u2019apparemment cela ne se trouve pas. Il est sympa et se charge de t\u00e9l\u00e9phoner \u00e0 un copain qui\u00a0 est d\u2019accord pour nous\u00a0emmener dans son taxi ambulance\u00a0pour 45 euros.<\/p>\n<p>De retour \u00e0 Conques vers 9 H 30, nous faisons de nouveau le tour du village, passons \u00e0 l\u2019abbaye pour savoir si nous pouvons coucher le soir si nous n\u2019avons pas trouv\u00e9 de moyen de locomotion. Nous pouvons nous faire un restaurant,\u00a0la malle postale ne doit pas\u00a0arriver avant\u00a013 H 30.<\/p>\n<p>Apr\u00e8s le d\u00e9jeuner,\u00a0attente\u00a0\u00e0 13 H 30 \u00e0 l\u2019entr\u00e9e de Conques. La malle postale arrive et ne peut pas nous prendre, il n\u2019y a plus de place, aucune allusion\u00a0\u00e0 la place libre annonc\u00e9e la veille, devant mon incr\u00e9dulit\u00e9 il\u00a0nous donne des num\u00e9ros de t\u00e9l pour appeler un taxi ou un coll\u00e8gue. Le taxi est hors de prix et les autres organismes n\u2019ont plus de place. Alors que faire, soit rester jusqu\u2019au lendemain pour la malle postale soit\u00a0faire du stop, la coquille aidant cela devrait aller.<\/p>\n<p>Nous nous d\u00e9cidons pour le stop. Apr\u00e8s 10 mn une automobiliste s\u2019arr\u00eate et nous emm\u00e8ne \u00e0 Lunel, petit village \u00e0 une quinzaine de kilom\u00e8tres de Conques. Elle nous indique la route pour rejoindre Rodez, l\u00e0 des trains partent pour Le Puy. Si nous n\u2019avons pas \u00e9t\u00e9 pris en stop pour 16 heures, elle-m\u00eame doit aller \u00e0 Rodez et elle nous emm\u00e8nera.<\/p>\n<p>Nous marchons un peu et une voiture s\u2019arr\u00eate, une dame nous demande ce que nous faisons dans ce coin perdu et veut bien nous prendre jusque St Cyprien. Elle ne comprend pas du tout notre itin\u00e9raire. Au moment de repartir, sa voiture cale et elle ne sait plus la remettre en route. Elle insiste, elle part mais avec des soubresauts. Nous arrivons \u00e0 St Cyprien tant bien que mal avec de nombreux hoquets\u00a0de la voiture, nous avons bien ri toute la route. La dame nous indique le chemin et nous reprenons les sacs pour\u00a0marcher sur une route avec beaucoup de trafic.<\/p>\n<p>Apr\u00e8s un long moment, une jeune fille s\u2019arr\u00eate, elle peut nous emmener jusqu\u2019\u00e0 une bifurcation menant d\u2019un c\u00f4t\u00e9 \u00e0 Rodez et de l\u2019autre \u00e0 Figeac.\u00a0Nous pr\u00e9f\u00e9rons continuer vers Rodez. Elle nous laisse sur la route de Rodez et l\u00e0 l\u2019attente est encore plus longue. Les voitures vont vite et n\u2019ont pas envie de s\u2019arr\u00eater, vraiment beaucoup de circulation, certains passages sont un peu p\u00e9rilleux.<\/p>\n<p>Apr\u00e8s un moment, un automobiliste s\u2019arr\u00eate, il ouvre de suite son coffre pour mettre nos sacs, c\u2019est bon signe. Nous montons, il va \u00e0 Rodez. Pendant le trajet, sa voiture roule par saccade, c\u2019est le jour !! Nous avons craint qu\u2019elle ne tombe en panne mais en regardant son pied sur l\u2019acc\u00e9l\u00e9rateur, Andr\u00e9e \u00e0 l\u2019arri\u00e8re constate que c\u2019est le chauffeur qui\u00a0n\u2019arr\u00eate pas de\u00a0lever le pied. Pas \u00e9tonnant, mais il nous m\u00e8ne jusque la gare de Rodez. Il nous a bien avanc\u00e9, il nous indique aussi la route \u00e0 prendre si par hasard il n\u2019y a pas de train.<\/p>\n<p>A\u00a0la gare, il n\u2019est que 16 heures et les 2 guicheti\u00e8res nous sourient en nous voyant arriver. Avant toute question, l\u2019une secoue n\u00e9gativement la t\u00eate. Je demande s\u2019il y a un train, l\u2019autre me r\u00e9pond qu\u2019il vient de partir. Le prochain est pour demain. Pas de\u00a0bus non plus.<\/p>\n<p>Nous revoil\u00e0 sur la route, direction Mende. Nous sortons de la ville et nous marchons encore et encore.\u00a0 Andr\u00e9e se tra\u00eene, les ampoules font tr\u00e8s mal. Un jeune gar\u00e7on s\u2019arr\u00eate, il ne va pas loin mais veut nous avancer. Sa voiture est tr\u00e8s encombr\u00e9e, pas de place pour nous mais il insiste et pousse le tout. Nous voil\u00e0 dans sa vieille voiture jusque Gage. A Gage, il est d\u00e9\u00e7u de devoir nous d\u00e9poser mais d\u00e9j\u00e0 il a prolong\u00e9 son trajet pour nous avancer.<\/p>\n<p>Encore de la marche pendant au moins un quart d\u2019heure, une voiture s\u2019arr\u00eate, elle a l\u2019air normal, avec un couple de jeunes. Ils nous invitent \u00e0 monter. Ce sont des marcheurs comme nous qui viennent de passer 4 jours dans la r\u00e9gion, ils rejoignent l\u2019autoroute qui va \u00e0 Carcassonne. Nous bavardons pendant les 50 kilom\u00e8tres environ que nous avons fait avec eux et nous voil\u00e0 arriv\u00e9s \u00e0 proximit\u00e9\u00a0de l\u2019autoroute\u00a0\u00e0 l\u2019entr\u00e9e du village de S\u00e9v\u00e9rac le Ch\u00e2teau.<\/p>\n<p>Nous traversons S\u00e9v\u00e9rac, direction Mende.\u00a0Comme il est d\u00e9j\u00e0 18 heures, nous d\u00e9cidons de rester sur S\u00e9verac puisqu\u2019il y a une gare. Nous sommes devant un h\u00f4tel o\u00f9 nous prenons une chambre. A l\u2019h\u00f4tel pas de restaurant, uniquement un distributeur. Nous trouvons dans ce distributeur de quoi faire notre repas du soir. Apr\u00e8s la douche, nous mangeons et la secr\u00e9taire tr\u00e8s gentiment nous propose de faire une recherche sur internet pour conna\u00eetre les d\u00e9parts de train pour le dimanche matin.<\/p>\n<p>Apparemment il y a un train au d\u00e9part de S\u00e9verac \u00e0 11 H 30 mais comme il y a des travaux sur la ligne, il nous faudra changer pour 3 bus. On se couche \u00e0 20 H 15 bien fatigu\u00e9s apr\u00e8s avoir mang\u00e9 des spaghettis \u00e0 la bolognaise du distributeur, plus des madeleines offertes par la secr\u00e9taire.<\/p>\n<p>[\/et_pb_text][\/et_pb_column][\/et_pb_row][\/et_pb_section]<\/p>\n","protected":false},"excerpt":{"rendered":"<p>Samedi 29 Mai 2010\u00a0 \u00a011\u00e8me D\u00e9but du retourde H\u00e9bergement Corinne \u00e0 Decazeville \u00e0 S\u00e9verac le ch\u00e2teau Au lever habituel, la toilette est rapide.\u00a0 Corinne est lev\u00e9e t\u00f4t, petit d\u00e9j vite aval\u00e9. C\u2019est le d\u00e9part pour le p\u00e9riple du retour. Apr\u00e8s 50 m\u00e8tres, nous passons devant une maison o\u00f9 le propri\u00e9taire devant son v\u00e9hicule nous demande [&hellip;]<\/p>\n","protected":false},"author":1,"featured_media":0,"parent":0,"menu_order":0,"comment_status":"closed","ping_status":"closed","template":"","meta":{"_et_pb_use_builder":"on","_et_pb_old_content":"","_et_gb_content_width":"","footnotes":""},"class_list":["post-846","page","type-page","status-publish","hentry"],"_links":{"self":[{"href":"https:\/\/chemins.ovh\/index.php?rest_route=\/wp\/v2\/pages\/846","targetHints":{"allow":["GET"]}}],"collection":[{"href":"https:\/\/chemins.ovh\/index.php?rest_route=\/wp\/v2\/pages"}],"about":[{"href":"https:\/\/chemins.ovh\/index.php?rest_route=\/wp\/v2\/types\/page"}],"author":[{"embeddable":true,"href":"https:\/\/chemins.ovh\/index.php?rest_route=\/wp\/v2\/users\/1"}],"replies":[{"embeddable":true,"href":"https:\/\/chemins.ovh\/index.php?rest_route=%2Fwp%2Fv2%2Fcomments&post=846"}],"version-history":[{"count":13,"href":"https:\/\/chemins.ovh\/index.php?rest_route=\/wp\/v2\/pages\/846\/revisions"}],"predecessor-version":[{"id":1400,"href":"https:\/\/chemins.ovh\/index.php?rest_route=\/wp\/v2\/pages\/846\/revisions\/1400"}],"wp:attachment":[{"href":"https:\/\/chemins.ovh\/index.php?rest_route=%2Fwp%2Fv2%2Fmedia&parent=846"}],"curies":[{"name":"wp","href":"https:\/\/api.w.org\/{rel}","templated":true}]}}