{"id":811,"date":"2025-10-30T18:31:48","date_gmt":"2025-10-30T17:31:48","guid":{"rendered":"https:\/\/chemins.ovh\/?page_id=811"},"modified":"2025-11-16T09:52:44","modified_gmt":"2025-11-16T08:52:44","slug":"2010-05-28","status":"publish","type":"page","link":"https:\/\/chemins.ovh\/?page_id=811","title":{"rendered":"01-11 Vendredi 28 Mai 2010 Conques"},"content":{"rendered":"<p>[et_pb_section fb_built=\u00a0\u00bb1&Prime; _builder_version=\u00a0\u00bb4.24.2&Prime; _module_preset=\u00a0\u00bbdefault\u00a0\u00bb background_color=\u00a0\u00bbrgba(190,244,202,0.95)\u00a0\u00bb background_enable_image=\u00a0\u00bboff\u00a0\u00bb background_size=\u00a0\u00bbcontain\u00a0\u00bb background_position=\u00a0\u00bbtop_center\u00a0\u00bb width=\u00a0\u00bb100%\u00a0\u00bb max_width=\u00a0\u00bb100%\u00a0\u00bb custom_margin=\u00a0\u00bb-20px||||false|false\u00a0\u00bb global_colors_info=\u00a0\u00bb{}\u00a0\u00bb][et_pb_row _builder_version=\u00a0\u00bb4.24.2&Prime; _module_preset=\u00a0\u00bbdefault\u00a0\u00bb background_color=\u00a0\u00bbrgba(190,244,202,0.95)\u00a0\u00bb custom_padding=\u00a0\u00bb||||false|false\u00a0\u00bb global_colors_info=\u00a0\u00bb{}\u00a0\u00bb][et_pb_column type=\u00a0\u00bb4_4&Prime; _builder_version=\u00a0\u00bb4.24.2&Prime; _module_preset=\u00a0\u00bbdefault\u00a0\u00bb global_colors_info=\u00a0\u00bb{}\u00a0\u00bb][et_pb_image src=\u00a0\u00bbhttp:\/\/chemins.ovh\/wp-content\/uploads\/2025\/10\/Le-retour.jpg\u00a0\u00bb title_text=\u00a0\u00bbLe retour\u00a0\u00bb _builder_version=\u00a0\u00bb4.24.2&Prime; _module_preset=\u00a0\u00bbdefault\u00a0\u00bb background_color=\u00a0\u00bbrgba(190,244,202,0.95)\u00a0\u00bb custom_margin=\u00a0\u00bb-20px||||false|false\u00a0\u00bb global_colors_info=\u00a0\u00bb{}\u00a0\u00bb][\/et_pb_image][et_pb_text _builder_version=\u00a0\u00bb4.24.2&Prime; _module_preset=\u00a0\u00bbdefault\u00a0\u00bb background_color=\u00a0\u00bbrgba(190,244,202,0.95)\u00a0\u00bb custom_margin=\u00a0\u00bb-10px||-40px||false|false\u00a0\u00bb border_radii=\u00a0\u00bbon|1px|1px|1px|1px\u00a0\u00bb border_width_all=\u00a0\u00bb1px\u00a0\u00bb border_color_all=\u00a0\u00bb#000000&Prime; box_shadow_style=\u00a0\u00bbpreset2&Prime; global_colors_info=\u00a0\u00bb{}\u00a0\u00bb]<\/p>\n<h1 style=\"text-align: center;\"><strong>Vendredi 28 Mai 2010<\/strong><\/h1>\n<p>[\/et_pb_text][\/et_pb_column][\/et_pb_row][\/et_pb_section][et_pb_section fb_built=\u00a0\u00bb1&Prime; _builder_version=\u00a0\u00bb4.24.2&Prime; _module_preset=\u00a0\u00bbdefault\u00a0\u00bb background_color=\u00a0\u00bbrgba(190,244,202,0.95)\u00a0\u00bb background_image=\u00a0\u00bbhttp:\/\/chemins.ovh\/wp-content\/uploads\/2025\/10\/450-Dieu-en-majeste-qui-decide-ou-vont-ceux-qui-se-presentent-a-lui-soit-a-gauche-en-enfer-soit-a-droite-au-paradis.jpg\u00a0\u00bb parallax=\u00a0\u00bbon\u00a0\u00bb custom_margin=\u00a0\u00bb-80px||||false|false\u00a0\u00bb global_colors_info=\u00a0\u00bb{}\u00a0\u00bb][et_pb_row column_structure=\u00a0\u00bb1_3,2_3&Prime; _builder_version=\u00a0\u00bb4.24.2&Prime; _module_preset=\u00a0\u00bbdefault\u00a0\u00bb background_color=\u00a0\u00bbrgba(190,244,202,0.95)\u00a0\u00bb width=\u00a0\u00bb100%\u00a0\u00bb max_width=\u00a0\u00bb1080px\u00a0\u00bb global_colors_info=\u00a0\u00bb{}\u00a0\u00bb][et_pb_column type=\u00a0\u00bb1_3&Prime; _builder_version=\u00a0\u00bb4.24.2&Prime; _module_preset=\u00a0\u00bbdefault\u00a0\u00bb global_colors_info=\u00a0\u00bb{}\u00a0\u00bb][et_pb_gallery gallery_ids=\u00a0\u00bb823,824,825,826,827,828,829,830,831,833,834,835,836,837,838&Prime; posts_number=\u00a0\u00bb15&Prime; db_images_per_row=\u00a0\u00bb3&Prime; db_image_max_width=\u00a0\u00bb80%\u00a0\u00bb db_image_max_height=\u00a0\u00bb100%\u00a0\u00bb db_image_row_spacing=\u00a0\u00bb0&Prime; dbdb_version=\u00a0\u00bb4.3.5&Prime; show_pagination=\u00a0\u00bboff\u00a0\u00bb _builder_version=\u00a0\u00bb4.24.2&Prime; _module_preset=\u00a0\u00bbdefault\u00a0\u00bb title_font_size=\u00a0\u00bb12px\u00a0\u00bb module_alignment=\u00a0\u00bbcenter\u00a0\u00bb custom_margin=\u00a0\u00bb2px|||2px|false|false\u00a0\u00bb custom_padding=\u00a0\u00bb||||false|false\u00a0\u00bb border_color_all=\u00a0\u00bb#000000&Prime; box_shadow_style_image=\u00a0\u00bbpreset2&Prime; global_colors_info=\u00a0\u00bb{}\u00a0\u00bb][\/et_pb_gallery][\/et_pb_column][et_pb_column type=\u00a0\u00bb2_3&Prime; _builder_version=\u00a0\u00bb4.24.2&Prime; _module_preset=\u00a0\u00bbdefault\u00a0\u00bb global_colors_info=\u00a0\u00bb{}\u00a0\u00bb][et_pb_text admin_label=\u00a0\u00bbretour\u00a0\u00bb _builder_version=\u00a0\u00bb4.24.2&Prime; _module_preset=\u00a0\u00bbdefault\u00a0\u00bb background_color=\u00a0\u00bbrgba(190,244,202,0.95)\u00a0\u00bb border_radii=\u00a0\u00bbon|1px|1px|1px|1px\u00a0\u00bb border_width_all=\u00a0\u00bb1px\u00a0\u00bb box_shadow_style=\u00a0\u00bbpreset2&Prime; global_colors_info=\u00a0\u00bb{}\u00a0\u00bb]<\/p>\n<h1 style=\"text-align: center;\">\u00a0<\/h1>\n<h1 style=\"text-align: center;\"><strong>\u00a010\u00e8me Arr\u00eat p\u00e9riple<\/strong><\/h1>\n<p>[\/et_pb_text][et_pb_text admin_label=\u00a0\u00bbcorinne\u00a0\u00bb _builder_version=\u00a0\u00bb4.24.2&Prime; _module_preset=\u00a0\u00bbdefault\u00a0\u00bb text_font=\u00a0\u00bb|600|||||||\u00a0\u00bb text_text_color=\u00a0\u00bb#000000&Prime; text_font_size=\u00a0\u00bb16px\u00a0\u00bb header_text_align=\u00a0\u00bbjustify\u00a0\u00bb header_text_color=\u00a0\u00bb#000000&Prime; background_color=\u00a0\u00bbrgba(190,244,202,0.95)\u00a0\u00bb text_orientation=\u00a0\u00bbjustified\u00a0\u00bb custom_margin=\u00a0\u00bb||||false|false\u00a0\u00bb custom_padding=\u00a0\u00bb10px|10px|10px|10px|false|false\u00a0\u00bb border_radii=\u00a0\u00bbon|1px|1px|1px|1px\u00a0\u00bb border_width_all=\u00a0\u00bb1px\u00a0\u00bb border_color_all=\u00a0\u00bb#000000&Prime; box_shadow_style=\u00a0\u00bbpreset2&Prime; global_colors_info=\u00a0\u00bb{}\u00a0\u00bb]<\/p>\n<p>Vendredi 28 Mai 2010<\/p>\n<p>Kilom\u00e9trage : 24 kms\u00a0\u00a0\u00a0\u00a0\u00a0\u00a0\u00a0\u00a0\u00a0 H\u00e9bergement : Chez Corinne la p\u00e9lerine \u00e0 Decazeville quartier St Roch<\/p>\n<p>Nous nous mettons en route au d\u00e9part de Conques \u00e0 7 H 45 apr\u00e8s le petit d\u00e9jeuner. Beaucoup de p\u00e8lerins partent \u00e0 cette heure l\u00e0. Nous descendons la ville par les ruelles pav\u00e9es.<\/p>\n<p>Nous passons la porte du Barry et arrivons au pont des Roumieux (qui veut dire p\u00e8lerins) au dessus du Dourdou (petit cours d\u2019eau). Apr\u00e8s le pont, encore quelques m\u00e8tres et nous prenons le sentier qui m\u00e8ne \u00e0 la Chapelle Ste Foy. Chapelle que nous avons pass\u00e9 rapidement, ne sachant pas que c\u2019\u00e9tait la Chapelle Ste Foy, nous pensions qu\u2019elle se trouvait sur le plateau. Assez difficile le sentier grimpe pendant 30 minutes et fait 1,5 kms, nous arrivons sur le plateau et nous d\u00e9cidons de prendre la variante qui passe par Noailhac. Par l\u2019autre chemin, le terrain est plus vallonn\u00e9 et est plus long de 2 kms. L\u2019inconv\u00e9nient c\u2019est que nous marchons sur la route goudronn\u00e9e.<\/p>\n<p>A midi, nous sommes \u00e0 la jonction des deux chemins. Nous continuons\u00a0par des sentiers \u00e0 travers\u00a0champs puis de nouveau le bitume sur les hauts de Decazeville. Cette ville est toute en longueur. Il faut beaucoup de temps avant de descendre vers la ville. Dans Decazeville,\u00a0direction de Livinhac le Haut. Je\u00a0commence \u00e0 chercher de quoi nous\u00a0loger en appelant les divers gites connus. La g\u00e9rant du\u00a0g\u00eete communal de Livinhac pense avoir 2 places libres mais elle n\u2019est pas sur place. Elle me\u00a0rappelle pour me dire qu\u2019elle a rejoint le g\u00eete et que les\u00a0places ont \u00e9t\u00e9 attribu\u00e9es.\u00a0\u00a0Comme je lui dis que je ne trouve rien,\u00a0elle me conseille de rester o\u00f9 je suis c\u2019est \u00e0 dire au g\u00eete chez \u00ab\u00a0Corinne la p\u00e8lerine\u00a0\u00bb devant la chapelle St Roch.<\/p>\n<p>Andr\u00e9e me rejoint peu de temps apr\u00e8s, ses pieds lui font de plus en plus mal. Je peux lui dire qu\u2019elle est arriv\u00e9e. C\u2019est la fin de l\u2019\u00e9tape du jour. Chez Corinne le P\u00e8lerine, l\u2019ambiance est plut\u00f4t \u00e9cologiste avec une tendance \u00e9sot\u00e9rique. Dans l\u2019entr\u00e9e est install\u00e9e une sellette avec la vierge et des bougies. Le fils de Corinne nous montre notre chambre, d\u00e9j\u00e0 une chambre est occup\u00e9e. Pour nous c\u2019est la chambre entre la douche et les WC. Au milieu, un couloir avec 2 lavabos pour notre toilette. La douche est correcte, les WC sont des toilettes s\u00e8ches. Surprenant mais bon pour une nuit nous serons bien oblig\u00e9s de nous en contenter.<\/p>\n<p>Etant donn\u00e9 l\u2019\u00e9tat des pieds d\u2019Andr\u00e9e nous d\u00e9cidons d\u2019arr\u00eater le p\u00e9riple, l\u2019objectif premier est atteint puisque nous avons d\u00e9pass\u00e9 Conques. J\u2019appelle la malle postale pour nous rapatrier vers le Puy en Velay. Mais une seule place est dispo, possible sans doute d\u2019en avoir une 2\u00e8me, et comme la malle postale ne travaille que jusqu\u2019\u00e0 Conques, il faut nous pr\u00e9senter \u00e0 la sortie de Conques devant le parking le lendemain \u00e0 midi.\u00a0 Le repas du soir se passe bien, nous essayons de trouver un moyen de rejoindre Conques mais Corinne nous explique que pour aller \u00e0 Conques, il n\u2019y a pas de taxi. A nous de nous d\u00e9brouiller pour rejoindre Conques.<\/p>\n<p>&nbsp;<\/p>\n<p>[\/et_pb_text][\/et_pb_column][\/et_pb_row][\/et_pb_section]<\/p>\n","protected":false},"excerpt":{"rendered":"<p>Vendredi 28 Mai 2010 \u00a0 \u00a010\u00e8me Arr\u00eat p\u00e9ripleVendredi 28 Mai 2010 Kilom\u00e9trage : 24 kms\u00a0\u00a0\u00a0\u00a0\u00a0\u00a0\u00a0\u00a0\u00a0 H\u00e9bergement : Chez Corinne la p\u00e9lerine \u00e0 Decazeville quartier St Roch Nous nous mettons en route au d\u00e9part de Conques \u00e0 7 H 45 apr\u00e8s le petit d\u00e9jeuner. Beaucoup de p\u00e8lerins partent \u00e0 cette heure l\u00e0. Nous descendons la ville [&hellip;]<\/p>\n","protected":false},"author":1,"featured_media":0,"parent":0,"menu_order":0,"comment_status":"closed","ping_status":"closed","template":"","meta":{"_et_pb_use_builder":"on","_et_pb_old_content":"","_et_gb_content_width":"","footnotes":""},"class_list":["post-811","page","type-page","status-publish","hentry"],"_links":{"self":[{"href":"https:\/\/chemins.ovh\/index.php?rest_route=\/wp\/v2\/pages\/811","targetHints":{"allow":["GET"]}}],"collection":[{"href":"https:\/\/chemins.ovh\/index.php?rest_route=\/wp\/v2\/pages"}],"about":[{"href":"https:\/\/chemins.ovh\/index.php?rest_route=\/wp\/v2\/types\/page"}],"author":[{"embeddable":true,"href":"https:\/\/chemins.ovh\/index.php?rest_route=\/wp\/v2\/users\/1"}],"replies":[{"embeddable":true,"href":"https:\/\/chemins.ovh\/index.php?rest_route=%2Fwp%2Fv2%2Fcomments&post=811"}],"version-history":[{"count":23,"href":"https:\/\/chemins.ovh\/index.php?rest_route=\/wp\/v2\/pages\/811\/revisions"}],"predecessor-version":[{"id":1399,"href":"https:\/\/chemins.ovh\/index.php?rest_route=\/wp\/v2\/pages\/811\/revisions\/1399"}],"wp:attachment":[{"href":"https:\/\/chemins.ovh\/index.php?rest_route=%2Fwp%2Fv2%2Fmedia&parent=811"}],"curies":[{"name":"wp","href":"https:\/\/api.w.org\/{rel}","templated":true}]}}