{"id":674,"date":"2025-10-29T16:44:44","date_gmt":"2025-10-29T15:44:44","guid":{"rendered":"https:\/\/chemins.ovh\/?page_id=674"},"modified":"2025-11-29T14:26:36","modified_gmt":"2025-11-29T13:26:36","slug":"2010-05-26","status":"publish","type":"page","link":"https:\/\/chemins.ovh\/?page_id=674","title":{"rendered":"01-09 Mercredi 26 Mai 2010 Golinhac (Massip)"},"content":{"rendered":"<p>[et_pb_section fb_built=\u00a0\u00bb1&Prime; _builder_version=\u00a0\u00bb4.24.2&Prime; _module_preset=\u00a0\u00bbdefault\u00a0\u00bb background_color=\u00a0\u00bbrgba(190,244,202,0.95)\u00a0\u00bb background_enable_image=\u00a0\u00bboff\u00a0\u00bb background_size=\u00a0\u00bbcontain\u00a0\u00bb background_position=\u00a0\u00bbtop_center\u00a0\u00bb width=\u00a0\u00bb100%\u00a0\u00bb max_width=\u00a0\u00bb100%\u00a0\u00bb custom_margin=\u00a0\u00bb-20px||||false|false\u00a0\u00bb global_colors_info=\u00a0\u00bb{}\u00a0\u00bb][et_pb_row _builder_version=\u00a0\u00bb4.24.2&Prime; _module_preset=\u00a0\u00bbdefault\u00a0\u00bb background_color=\u00a0\u00bbrgba(190,244,202,0.95)\u00a0\u00bb custom_padding=\u00a0\u00bb||||false|false\u00a0\u00bb global_colors_info=\u00a0\u00bb{}\u00a0\u00bb][et_pb_column type=\u00a0\u00bb4_4&Prime; _builder_version=\u00a0\u00bb4.24.2&Prime; _module_preset=\u00a0\u00bbdefault\u00a0\u00bb global_colors_info=\u00a0\u00bb{}\u00a0\u00bb][et_pb_image src=\u00a0\u00bbhttp:\/\/chemins.ovh\/wp-content\/uploads\/2025\/10\/Golinhac.jpg\u00a0\u00bb title_text=\u00a0\u00bbGolinhac\u00a0\u00bb _builder_version=\u00a0\u00bb4.24.2&Prime; _module_preset=\u00a0\u00bbdefault\u00a0\u00bb background_color=\u00a0\u00bbrgba(190,244,202,0.95)\u00a0\u00bb custom_margin=\u00a0\u00bb-20px||||false|false\u00a0\u00bb global_colors_info=\u00a0\u00bb{}\u00a0\u00bb][\/et_pb_image][et_pb_text _builder_version=\u00a0\u00bb4.24.2&Prime; _module_preset=\u00a0\u00bbdefault\u00a0\u00bb background_color=\u00a0\u00bbrgba(190,244,202,0.95)\u00a0\u00bb custom_margin=\u00a0\u00bb-10px||-40px||false|false\u00a0\u00bb border_radii=\u00a0\u00bbon|1px|1px|1px|1px\u00a0\u00bb border_width_all=\u00a0\u00bb1px\u00a0\u00bb border_color_all=\u00a0\u00bb#000000&Prime; box_shadow_style=\u00a0\u00bbpreset2&Prime; global_colors_info=\u00a0\u00bb{}\u00a0\u00bb]<\/p>\n<h1 style=\"text-align: center;\"><strong>Mercredi 26 Mai 2010<\/strong><\/h1>\n<p>[\/et_pb_text][\/et_pb_column][\/et_pb_row][\/et_pb_section][et_pb_section fb_built=\u00a0\u00bb1&Prime; _builder_version=\u00a0\u00bb4.24.2&Prime; _module_preset=\u00a0\u00bbdefault\u00a0\u00bb background_color=\u00a0\u00bbrgba(190,244,202,0.95)\u00a0\u00bb custom_margin=\u00a0\u00bb-80px||||false|false\u00a0\u00bb global_colors_info=\u00a0\u00bb{}\u00a0\u00bb][et_pb_row column_structure=\u00a0\u00bb1_3,2_3&Prime; _builder_version=\u00a0\u00bb4.24.2&Prime; _module_preset=\u00a0\u00bbdefault\u00a0\u00bb background_color=\u00a0\u00bbrgba(190,244,202,0.95)\u00a0\u00bb width=\u00a0\u00bb100%\u00a0\u00bb max_width=\u00a0\u00bb1080px\u00a0\u00bb global_colors_info=\u00a0\u00bb{}\u00a0\u00bb][et_pb_column type=\u00a0\u00bb1_3&Prime; _builder_version=\u00a0\u00bb4.24.2&Prime; _module_preset=\u00a0\u00bbdefault\u00a0\u00bb global_colors_info=\u00a0\u00bb{}\u00a0\u00bb][et_pb_gallery gallery_ids=\u00a0\u00bb678,679,680,681,682,683,684,685,686,687,688,689,690,691,692,693,694,695,696,697&Prime; posts_number=\u00a0\u00bb20&Prime; db_images_per_row=\u00a0\u00bb2&Prime; db_image_max_width=\u00a0\u00bb80%\u00a0\u00bb db_image_max_height=\u00a0\u00bb100%\u00a0\u00bb db_image_row_spacing=\u00a0\u00bb0&Prime; dbdb_version=\u00a0\u00bb4.3.5&Prime; show_pagination=\u00a0\u00bboff\u00a0\u00bb _builder_version=\u00a0\u00bb4.24.2&Prime; _module_preset=\u00a0\u00bbdefault\u00a0\u00bb title_font_size=\u00a0\u00bb12px\u00a0\u00bb background_color=\u00a0\u00bbrgba(190,244,202,0.95)\u00a0\u00bb module_alignment=\u00a0\u00bbcenter\u00a0\u00bb custom_margin=\u00a0\u00bb2px|||2px|false|false\u00a0\u00bb custom_padding=\u00a0\u00bb||||false|false\u00a0\u00bb box_shadow_style_image=\u00a0\u00bbpreset2&Prime; global_colors_info=\u00a0\u00bb{}\u00a0\u00bb][\/et_pb_gallery][\/et_pb_column][et_pb_column type=\u00a0\u00bb2_3&Prime; _builder_version=\u00a0\u00bb4.24.2&Prime; _module_preset=\u00a0\u00bbdefault\u00a0\u00bb global_colors_info=\u00a0\u00bb{}\u00a0\u00bb][et_pb_text admin_label=\u00a0\u00bb\u00e9tape\u00a0\u00bb _builder_version=\u00a0\u00bb4.24.2&Prime; _module_preset=\u00a0\u00bbdefault\u00a0\u00bb background_color=\u00a0\u00bbrgba(190,244,202,0.95)\u00a0\u00bb border_radii=\u00a0\u00bbon|1px|1px|1px|1px\u00a0\u00bb border_width_all=\u00a0\u00bb1px\u00a0\u00bb box_shadow_style=\u00a0\u00bbpreset2&Prime; global_colors_info=\u00a0\u00bb{}\u00a0\u00bb]<\/p>\n<h1 style=\"text-align: center;\">\u00a0<\/h1>\n<h1 style=\"text-align: center;\"><strong>\u00a08\u00e8me \u00e9tape Golinhac (Massip)<\/strong><\/h1>\n<p>[\/et_pb_text][et_pb_text admin_label=\u00a0\u00bbGolinhac (Massip)\u00a0\u00bb _builder_version=\u00a0\u00bb4.24.2&Prime; _module_preset=\u00a0\u00bbdefault\u00a0\u00bb text_font=\u00a0\u00bb|600|||||||\u00a0\u00bb text_text_color=\u00a0\u00bb#000000&Prime; text_font_size=\u00a0\u00bb16px\u00a0\u00bb background_color=\u00a0\u00bbrgba(190,244,202,0.95)\u00a0\u00bb text_orientation=\u00a0\u00bbjustified\u00a0\u00bb custom_margin=\u00a0\u00bb||||false|false\u00a0\u00bb custom_padding=\u00a0\u00bb10px|10px|10px|10px|false|false\u00a0\u00bb border_radii=\u00a0\u00bbon|1px|1px|1px|1px\u00a0\u00bb border_width_all=\u00a0\u00bb1px\u00a0\u00bb border_color_all=\u00a0\u00bb#000000&Prime; box_shadow_style=\u00a0\u00bbpreset2&Prime; global_colors_info=\u00a0\u00bb{}\u00a0\u00bb]<\/p>\n<p>Mercredi 26 Mai 2010<\/p>\n<p>8\u00e8me \u00e9tape D&rsquo;Espalion \u00e0 Golinhac (Massip)<\/p>\n<p>Kilom\u00e9trage : 27 kms\u00a0\u00a0\u00a0\u00a0\u00a0\u00a0\u00a0\u00a0\u00a0 H\u00e9bergement : G\u00eete l&rsquo;Or\u00e9e du chemin \u00e0 Massip (Golinhac)<\/p>\n<p>Nous quittons\u00a0l\u2019H\u00f4tel Moderne \u00e0 8 H 20 nous \u00e9tions pr\u00eats bien avant mais le service du petit d\u00e9jeuner s\u2019est fait attendre.\u00a0Direction Estaing, apr\u00e8s quelques h\u00e9sitations pr\u00e8s du pont vieux, nous nous dirigeons vers l\u2019\u00e9glise. Nous rencontrons Nicole, la bretonne qui cherche \u00e9galement \u00e0 visiter l\u2019\u00e9glise qui est encore ferm\u00e9e, n\u00e9anmoins nous prenons des photos, notamment un appareillage pour scaphandre, l\u2019inventeur du scaphandre \u00e9tant un habitant d\u2019Espalion.<\/p>\n<p>Nous prenons le chemin qui longe le Lot, il se prolonge sur la route pour rejoindre St Pierre de Bessu\u00e9jouls (335 m).\u00a0 Nous visitons l\u2019\u00e9glise romane et la chapelle haute situ\u00e9e au premier \u00e9tage du clocher. Devant la mairie, tr\u00f4ne\u00a0\u00a0une statue en fil de fer repr\u00e9sentant un p\u00e8lerin. Apr\u00e8s le village, le chemin grimpe fortement\u00a0dans un petit bois jusqu\u2019au plateau. Le sentier ensuite descend, il est tr\u00e8s \u00e9troit et humide. Nous arrivons au hameau Le Briffoul, la chapelle est ferm\u00e9e.<\/p>\n<p>Nous retrouvons pr\u00e8s de la chapelle, deux p\u00e8lerins rencontr\u00e9s \u00e0 Saugues, eux n\u2019iront pas \u00e0 Estaing. Apr\u00e8s la chapelle, nous longeons le Lot mais avant de passer la rivi\u00e8re, nous passons un autre hameau du nom de Verri\u00e8re. C\u2019est un magnifique hameau avec quelques maisons en Pierre toutes retap\u00e9es. La chapelle a \u00e9t\u00e9 transform\u00e9e en habitation.<\/p>\n<p>Apr\u00e8s le pont, nous remontons sur la route goudronn\u00e9e jusqu\u2019au pont d\u2019Estaing (320 m). Nous apercevons de loin le ch\u00e2teau d\u2019Estaing. Nous passons le pont, \u00a0pr\u00e8s de l\u2019\u00e9glise se trouve le ch\u00e2teau qui est en r\u00e9fection et nous ne pouvons le visiter. Un petit tour dans les ruelles d\u2019Estaing et comme il est l\u2019heure de d\u00e9jeuner, nous nous arr\u00eatons au petit restaurant pr\u00e8s de l\u2019\u00e9glise o\u00f9 nous retrouvons Nicole la bretonne et d\u2019autres p\u00e8lerins d\u00e9j\u00e0 rencontr\u00e9s. Un musicien nous fait l\u2019honneur de jouer de son instrument ancien qui ressemble fort \u00e0 une viole.<\/p>\n<p>Nous laissons Nicole \u00e0 Estaing, elle ne veut pas aller plus loin. Nous reprenons la route, ce soir nous ferons halte \u00e0 Massip (juste avant Golinhac). Nous marchons assez longtemps sur une route goudronn\u00e9e jusqu\u2019\u00e0 un virage o\u00f9 l\u2019on prend un chemin de terre qui nous am\u00e8ne \u00e0 un petit pont. La route continue vers Montegut, ce sera une succession de tron\u00e7on bitum\u00e9. Sur le plateau, nous avons une tr\u00e8s belle vue sur les m\u00e9andres du Lot. La fin de l&rsquo;\u00e9tape tourne au calvaire pour Andr\u00e9e.<\/p>\n<p>Nous avan\u00e7ons\u00a0lentement d&rsquo;autant que\u00a0nous grimpons en for\u00eat pendant un tr\u00e8s long moment pour arriver \u00e0 Massip. Notre arriv\u00e9e est tardive. A peine le temps de se doucher et c&rsquo;est l&rsquo;heure du repas. Le g\u00eete s\u2019appelle \u00e0 l\u2019Or\u00e9e du Chemin, il est tout neuf. Notre chambre nous attend\u00a0juste \u00e0 l&rsquo;entr\u00e9e.\u00a0Tr\u00e8s confortable avec wc et douche dans la chambre.<\/p>\n<p>Nous passons une bonne soir\u00e9e avec les p\u00e8lerins rencontr\u00e9s aux diff\u00e9rentes \u00e9tapes ou sur le chemin. Les h\u00f4tes sont tr\u00e8s sympathiques.<\/p>\n<p>Impression\u00a0: journ\u00e9e longue car beaucoup de goudron, mais soir\u00e9e agr\u00e9able.<\/p>\n<p>[\/et_pb_text][et_pb_gallery gallery_ids=\u00a0\u00bb698,699,700,701,702,703,704,705,706,707&Prime; posts_number=\u00a0\u00bb10&Prime; db_images_per_row=\u00a0\u00bb4&Prime; db_image_max_width=\u00a0\u00bb80%\u00a0\u00bb db_image_max_height=\u00a0\u00bb100%\u00a0\u00bb db_image_row_spacing=\u00a0\u00bb0&Prime; dbdb_version=\u00a0\u00bb4.3.5&Prime; show_pagination=\u00a0\u00bboff\u00a0\u00bb _builder_version=\u00a0\u00bb4.24.2&Prime; _module_preset=\u00a0\u00bbdefault\u00a0\u00bb title_font_size=\u00a0\u00bb12px\u00a0\u00bb module_alignment=\u00a0\u00bbcenter\u00a0\u00bb custom_margin=\u00a0\u00bb2px|||2px|false|false\u00a0\u00bb custom_padding=\u00a0\u00bb||||false|false\u00a0\u00bb border_color_all=\u00a0\u00bb#000000&Prime; box_shadow_style_image=\u00a0\u00bbpreset2&Prime; global_colors_info=\u00a0\u00bb{}\u00a0\u00bb][\/et_pb_gallery][\/et_pb_column][\/et_pb_row][\/et_pb_section]<\/p>\n","protected":false},"excerpt":{"rendered":"<p>Mercredi 26 Mai 2010\u00a0 \u00a08\u00e8me \u00e9tape Golinhac (Massip)Mercredi 26 Mai 2010 8\u00e8me \u00e9tape D&rsquo;Espalion \u00e0 Golinhac (Massip) Kilom\u00e9trage : 27 kms\u00a0\u00a0\u00a0\u00a0\u00a0\u00a0\u00a0\u00a0\u00a0 H\u00e9bergement : G\u00eete l&rsquo;Or\u00e9e du chemin \u00e0 Massip (Golinhac) Nous quittons\u00a0l\u2019H\u00f4tel Moderne \u00e0 8 H 20 nous \u00e9tions pr\u00eats bien avant mais le service du petit d\u00e9jeuner s\u2019est fait attendre.\u00a0Direction Estaing, apr\u00e8s quelques h\u00e9sitations [&hellip;]<\/p>\n","protected":false},"author":1,"featured_media":0,"parent":0,"menu_order":0,"comment_status":"closed","ping_status":"closed","template":"","meta":{"_et_pb_use_builder":"on","_et_pb_old_content":"","_et_gb_content_width":"","footnotes":""},"class_list":["post-674","page","type-page","status-publish","hentry"],"_links":{"self":[{"href":"https:\/\/chemins.ovh\/index.php?rest_route=\/wp\/v2\/pages\/674","targetHints":{"allow":["GET"]}}],"collection":[{"href":"https:\/\/chemins.ovh\/index.php?rest_route=\/wp\/v2\/pages"}],"about":[{"href":"https:\/\/chemins.ovh\/index.php?rest_route=\/wp\/v2\/types\/page"}],"author":[{"embeddable":true,"href":"https:\/\/chemins.ovh\/index.php?rest_route=\/wp\/v2\/users\/1"}],"replies":[{"embeddable":true,"href":"https:\/\/chemins.ovh\/index.php?rest_route=%2Fwp%2Fv2%2Fcomments&post=674"}],"version-history":[{"count":9,"href":"https:\/\/chemins.ovh\/index.php?rest_route=\/wp\/v2\/pages\/674\/revisions"}],"predecessor-version":[{"id":1404,"href":"https:\/\/chemins.ovh\/index.php?rest_route=\/wp\/v2\/pages\/674\/revisions\/1404"}],"wp:attachment":[{"href":"https:\/\/chemins.ovh\/index.php?rest_route=%2Fwp%2Fv2%2Fmedia&parent=674"}],"curies":[{"name":"wp","href":"https:\/\/api.w.org\/{rel}","templated":true}]}}