{"id":608,"date":"2025-10-29T16:28:05","date_gmt":"2025-10-29T15:28:05","guid":{"rendered":"https:\/\/chemins.ovh\/?page_id=608"},"modified":"2025-11-29T14:26:25","modified_gmt":"2025-11-29T13:26:25","slug":"2010-05-25","status":"publish","type":"page","link":"https:\/\/chemins.ovh\/?page_id=608","title":{"rendered":"01-08 Mardi 25 Mai 2010 Espalion"},"content":{"rendered":"<p>[et_pb_section fb_built=\u00a0\u00bb1&Prime; _builder_version=\u00a0\u00bb4.24.2&Prime; _module_preset=\u00a0\u00bbdefault\u00a0\u00bb background_color=\u00a0\u00bbrgba(190,244,202,0.95)\u00a0\u00bb background_enable_image=\u00a0\u00bboff\u00a0\u00bb background_size=\u00a0\u00bbcontain\u00a0\u00bb background_position=\u00a0\u00bbtop_center\u00a0\u00bb width=\u00a0\u00bb100%\u00a0\u00bb max_width=\u00a0\u00bb100%\u00a0\u00bb custom_margin=\u00a0\u00bb-20px||||false|false\u00a0\u00bb global_colors_info=\u00a0\u00bb{}\u00a0\u00bb][et_pb_row _builder_version=\u00a0\u00bb4.24.2&Prime; _module_preset=\u00a0\u00bbdefault\u00a0\u00bb background_color=\u00a0\u00bbrgba(190,244,202,0.95)\u00a0\u00bb custom_padding=\u00a0\u00bb||||false|false\u00a0\u00bb global_colors_info=\u00a0\u00bb{}\u00a0\u00bb][et_pb_column type=\u00a0\u00bb4_4&Prime; _builder_version=\u00a0\u00bb4.24.2&Prime; _module_preset=\u00a0\u00bbdefault\u00a0\u00bb global_colors_info=\u00a0\u00bb{}\u00a0\u00bb][et_pb_image src=\u00a0\u00bbhttp:\/\/chemins.ovh\/wp-content\/uploads\/2025\/10\/Espalion.jpg\u00a0\u00bb title_text=\u00a0\u00bbEspalion\u00a0\u00bb _builder_version=\u00a0\u00bb4.24.2&Prime; _module_preset=\u00a0\u00bbdefault\u00a0\u00bb background_color=\u00a0\u00bbrgba(190,244,202,0.95)\u00a0\u00bb custom_margin=\u00a0\u00bb-20px||||false|false\u00a0\u00bb global_colors_info=\u00a0\u00bb{}\u00a0\u00bb][\/et_pb_image][et_pb_text _builder_version=\u00a0\u00bb4.24.2&Prime; _module_preset=\u00a0\u00bbdefault\u00a0\u00bb background_color=\u00a0\u00bbrgba(190,244,202,0.95)\u00a0\u00bb custom_margin=\u00a0\u00bb-10px||-40px||false|false\u00a0\u00bb border_radii=\u00a0\u00bbon|1px|1px|1px|1px\u00a0\u00bb border_width_all=\u00a0\u00bb1px\u00a0\u00bb border_color_all=\u00a0\u00bb#000000&Prime; box_shadow_style=\u00a0\u00bbpreset2&Prime; global_colors_info=\u00a0\u00bb{}\u00a0\u00bb]<\/p>\n<h1 style=\"text-align: center;\"><strong>Mardi 25 Mai 2010<\/strong><\/h1>\n<p>[\/et_pb_text][\/et_pb_column][\/et_pb_row][\/et_pb_section][et_pb_section fb_built=\u00a0\u00bb1&Prime; _builder_version=\u00a0\u00bb4.24.2&Prime; _module_preset=\u00a0\u00bbdefault\u00a0\u00bb background_color=\u00a0\u00bbrgba(190,244,202,0.95)\u00a0\u00bb custom_margin=\u00a0\u00bb-80px||||false|false\u00a0\u00bb global_colors_info=\u00a0\u00bb{}\u00a0\u00bb][et_pb_row column_structure=\u00a0\u00bb1_3,2_3&Prime; _builder_version=\u00a0\u00bb4.24.2&Prime; _module_preset=\u00a0\u00bbdefault\u00a0\u00bb background_color=\u00a0\u00bbrgba(190,244,202,0.95)\u00a0\u00bb width=\u00a0\u00bb100%\u00a0\u00bb max_width=\u00a0\u00bb1080px\u00a0\u00bb global_colors_info=\u00a0\u00bb{}\u00a0\u00bb][et_pb_column type=\u00a0\u00bb1_3&Prime; _builder_version=\u00a0\u00bb4.24.2&Prime; _module_preset=\u00a0\u00bbdefault\u00a0\u00bb global_colors_info=\u00a0\u00bb{}\u00a0\u00bb][et_pb_gallery gallery_ids=\u00a0\u00bb613,614,615,616,617,618,619,620,621,622,623,624,625,626,627,628,629,630,631,632,634,633,635&Prime; posts_number=\u00a0\u00bb23&Prime; db_images_per_row=\u00a0\u00bb2&Prime; db_image_max_width=\u00a0\u00bb80%\u00a0\u00bb db_image_max_height=\u00a0\u00bb100%\u00a0\u00bb db_image_row_spacing=\u00a0\u00bb0&Prime; dbdb_version=\u00a0\u00bb4.3.5&Prime; show_pagination=\u00a0\u00bboff\u00a0\u00bb _builder_version=\u00a0\u00bb4.24.2&Prime; _module_preset=\u00a0\u00bbdefault\u00a0\u00bb title_font_size=\u00a0\u00bb12px\u00a0\u00bb background_color=\u00a0\u00bbrgba(190,244,202,0.95)\u00a0\u00bb module_alignment=\u00a0\u00bbcenter\u00a0\u00bb custom_margin=\u00a0\u00bb2px|||2px|false|false\u00a0\u00bb custom_padding=\u00a0\u00bb||||false|false\u00a0\u00bb box_shadow_style_image=\u00a0\u00bbpreset2&Prime; global_colors_info=\u00a0\u00bb{}\u00a0\u00bb][\/et_pb_gallery][\/et_pb_column][et_pb_column type=\u00a0\u00bb2_3&Prime; _builder_version=\u00a0\u00bb4.24.2&Prime; _module_preset=\u00a0\u00bbdefault\u00a0\u00bb global_colors_info=\u00a0\u00bb{}\u00a0\u00bb][et_pb_text admin_label=\u00a0\u00bb\u00e9tape\u00a0\u00bb _builder_version=\u00a0\u00bb4.24.2&Prime; _module_preset=\u00a0\u00bbdefault\u00a0\u00bb background_color=\u00a0\u00bbrgba(190,244,202,0.95)\u00a0\u00bb border_radii=\u00a0\u00bbon|1px|1px|1px|1px\u00a0\u00bb border_width_all=\u00a0\u00bb1px\u00a0\u00bb box_shadow_style=\u00a0\u00bbpreset2&Prime; global_colors_info=\u00a0\u00bb{}\u00a0\u00bb]<\/p>\n<h1 style=\"text-align: center;\">\u00a0<\/h1>\n<h1 style=\"text-align: center;\"><strong>\u00a07\u00e8me \u00e9tape Espalion<\/strong><\/h1>\n<p>[\/et_pb_text][et_pb_text admin_label=\u00a0\u00bbEspalion\u00a0\u00bb _builder_version=\u00a0\u00bb4.24.2&Prime; _module_preset=\u00a0\u00bbdefault\u00a0\u00bb text_font=\u00a0\u00bb|600|||||||\u00a0\u00bb text_text_color=\u00a0\u00bb#000000&Prime; text_font_size=\u00a0\u00bb16px\u00a0\u00bb background_color=\u00a0\u00bbrgba(190,244,202,0.95)\u00a0\u00bb text_orientation=\u00a0\u00bbjustified\u00a0\u00bb custom_margin=\u00a0\u00bb||||false|false\u00a0\u00bb custom_padding=\u00a0\u00bb10px|10px|10px|10px|false|false\u00a0\u00bb border_radii=\u00a0\u00bbon|1px|1px|1px|1px\u00a0\u00bb border_width_all=\u00a0\u00bb1px\u00a0\u00bb border_color_all=\u00a0\u00bb#000000&Prime; box_shadow_style=\u00a0\u00bbpreset2&Prime; global_colors_info=\u00a0\u00bb{}\u00a0\u00bb]<\/p>\n<p>Kilom\u00e9trage : 22 kms\u00a0\u00a0\u00a0\u00a0\u00a0\u00a0\u00a0\u00a0\u00a0 H\u00e9bergement : H\u00f4tel restaurant le Moderne \u00e0 Espalion<\/p>\n<p>Nous partons du g\u00eete de St Ch\u00e9ly \u00e0 8 H 40. Nous passons par le centre du village pour visiter l\u2019\u00e9glise. Apr\u00e8s le vieux pont, un couple de marcheurs nous prend en photo devant le calvaire. Sur le socle au pied de la croix, un petit p\u00e8lerin est sculpt\u00e9 dans la pierre, il tient son bourdon (b\u00e2ton) et \u00e9gr\u00e8ne son chapelet.<\/p>\n<p>D\u00e8s la sortie de ST Ch\u00e9ly, la route monte progressivement sur le plateau. Un automobiliste nous croise et s\u2019arr\u00eate, il a envie de faire un brin de causette, il nous raconte son histoire. \u00a0Nous p\u00e9n\u00e9trons en for\u00eat sur un large chemin couvert de feuilles rousses, puis de nouveau la route, elle nous m\u00e8ne \u00e0 Lestrade. Nous y faisons un arr\u00eat pour prendre de l\u2019eau, un arr\u00eat p\u00e8lerin install\u00e9 dans un abri en pierre nous permet de prendre du caf\u00e9 chaud.<\/p>\n<p>La route se poursuit tout en descente de Lestrade jusqu\u2019au cours d\u2019eau de Cancels. Nous franchissons \u00e0 gu\u00e9. Un peu plus haut le chemin grimpe vers La Rozi\u00e8re, nouveau point d\u2019eau. Nous continuons, descentes et grimpettes se succ\u00e8dent. Nous arrivons pr\u00e8s des premi\u00e8res maisons. Nous sommes \u00e0 Gr\u00e8zes, nous nous arr\u00eatons chez Murielle pour manger une cr\u00eape appel\u00e9e \u00ab\u00a0fa\u00e7ou\u00a0\u00bb cr\u00eape v\u00e9g\u00e9tale verte, tr\u00e8s bonne avec une salade.<\/p>\n<p>Apr\u00e8s cette pause repas, nous reprenons la route vers St C\u00f4me d\u2019Olt, au loin, \u00a0nous apercevons le clocher qui est vrill\u00e9. Nous entrons dans le village par une ruelle qui nous m\u00e8ne sur la place de la Porte Neuve de St C\u00f4me d\u2019Olt (385 m). A l\u2019entr\u00e9e du village, l\u2019\u00e9glise romane de la Bouysse XI et XIIIe. Si\u00e8ge des P\u00e9nitents blancs. L\u2019\u00e9glise paroissiale d\u00e9di\u00e9e \u00e0 ST C\u00f4me et ST Damien a \u00e9t\u00e9 construite en 1522, elle poss\u00e8de un clocher h\u00e9lico\u00efdal, un portail \u00e0 ventaux sculpt\u00e9s renaissance.<\/p>\n<p>Nous sortons de St C\u00f4me d\u2019Olt en passant sur un pont o\u00f9 coule le Lot, le chemin suit la rive gauche du Lot mais nous prenons la variante qui nous \u00e9vitera de monter vers la carri\u00e8re et qui est tr\u00e8s raide. Apr\u00e8s un bon bout de route, nous arrivons \u00e0 l\u2019entr\u00e9e d\u2019Espalion, \u00e0 gauche se trouve l\u2019\u00e9glise de Perse. Nous montons jusque l\u2019\u00e9glise de Perse que nous visitons, elle\u00a0est extraordinaire\u00a0avec ses voutes en ogive peintes, elles\u00a0sont magnifiques. Pour y entrer, il ne faut pas monter des marches mais au contraire en descendre\u00a0un fois pass\u00e9s le portail.<\/p>\n<p>A l&rsquo;entr\u00e9e d&rsquo;Espalion, nous sommes accroch\u00e9s par une dame qui vient au devant de nous et nous invite \u00e0 nous rafra\u00eechir \u00e0 l\u2019arri\u00e8re d\u2019une tr\u00e8s belle maison au bord du Lot.\u00a0 En fait nous ne sommes pas seuls, des p\u00e8lerins y sont d\u00e9j\u00e0 et on nous parle d\u2019occitanie.<\/p>\n<p>Nous rejoignons l\u2019H\u00f4tel Moderne o\u00f9 une chambre de p\u00e8lerins nous attend. Effectivement c\u2019est une chambre de p\u00e8lerins ou chambre de bonne tr\u00e8s tr\u00e8s rustique !! Jusqu\u2019\u00e0 pr\u00e9sent nous avions eu plus de chance. Apr\u00e8s la douche, nous descendons au restaurant de l\u2019H\u00f4tel, nous ne prenons pas le menu p\u00e8lerin mais un poisson et une belle assiette de desserts. Impression\u00a0: Ne pas retenir\u00a0cet h\u00f4tel pour la chambre et pour le manque d\u2019amabilit\u00e9 du personnel.<\/p>\n<p>[\/et_pb_text][et_pb_gallery gallery_ids=\u00a0\u00bb636,637,638,639,648,647,646,645,644,643,642,641,640,649,650,651,652,653,654,655,657,656&Prime; posts_number=\u00a0\u00bb22&Prime; db_images_per_row=\u00a0\u00bb4&Prime; db_image_max_width=\u00a0\u00bb80%\u00a0\u00bb db_image_max_height=\u00a0\u00bb100%\u00a0\u00bb db_image_row_spacing=\u00a0\u00bb0&Prime; dbdb_version=\u00a0\u00bb4.3.5&Prime; show_pagination=\u00a0\u00bboff\u00a0\u00bb _builder_version=\u00a0\u00bb4.24.2&Prime; _module_preset=\u00a0\u00bbdefault\u00a0\u00bb title_font_size=\u00a0\u00bb12px\u00a0\u00bb module_alignment=\u00a0\u00bbcenter\u00a0\u00bb custom_margin=\u00a0\u00bb2px|||2px|false|false\u00a0\u00bb custom_padding=\u00a0\u00bb||||false|false\u00a0\u00bb border_color_all=\u00a0\u00bb#000000&Prime; box_shadow_style_image=\u00a0\u00bbpreset2&Prime; global_colors_info=\u00a0\u00bb{}\u00a0\u00bb][\/et_pb_gallery][\/et_pb_column][\/et_pb_row][\/et_pb_section]<\/p>\n","protected":false},"excerpt":{"rendered":"<p>Mardi 25 Mai 2010\u00a0 \u00a07\u00e8me \u00e9tape EspalionKilom\u00e9trage : 22 kms\u00a0\u00a0\u00a0\u00a0\u00a0\u00a0\u00a0\u00a0\u00a0 H\u00e9bergement : H\u00f4tel restaurant le Moderne \u00e0 Espalion Nous partons du g\u00eete de St Ch\u00e9ly \u00e0 8 H 40. Nous passons par le centre du village pour visiter l\u2019\u00e9glise. Apr\u00e8s le vieux pont, un couple de marcheurs nous prend en photo devant le calvaire. Sur [&hellip;]<\/p>\n","protected":false},"author":1,"featured_media":0,"parent":0,"menu_order":0,"comment_status":"closed","ping_status":"closed","template":"","meta":{"_et_pb_use_builder":"on","_et_pb_old_content":"","_et_gb_content_width":"","footnotes":""},"class_list":["post-608","page","type-page","status-publish","hentry"],"_links":{"self":[{"href":"https:\/\/chemins.ovh\/index.php?rest_route=\/wp\/v2\/pages\/608","targetHints":{"allow":["GET"]}}],"collection":[{"href":"https:\/\/chemins.ovh\/index.php?rest_route=\/wp\/v2\/pages"}],"about":[{"href":"https:\/\/chemins.ovh\/index.php?rest_route=\/wp\/v2\/types\/page"}],"author":[{"embeddable":true,"href":"https:\/\/chemins.ovh\/index.php?rest_route=\/wp\/v2\/users\/1"}],"replies":[{"embeddable":true,"href":"https:\/\/chemins.ovh\/index.php?rest_route=%2Fwp%2Fv2%2Fcomments&post=608"}],"version-history":[{"count":17,"href":"https:\/\/chemins.ovh\/index.php?rest_route=\/wp\/v2\/pages\/608\/revisions"}],"predecessor-version":[{"id":1403,"href":"https:\/\/chemins.ovh\/index.php?rest_route=\/wp\/v2\/pages\/608\/revisions\/1403"}],"wp:attachment":[{"href":"https:\/\/chemins.ovh\/index.php?rest_route=%2Fwp%2Fv2%2Fmedia&parent=608"}],"curies":[{"name":"wp","href":"https:\/\/api.w.org\/{rel}","templated":true}]}}