{"id":556,"date":"2025-10-29T15:50:00","date_gmt":"2025-10-29T14:50:00","guid":{"rendered":"https:\/\/chemins.ovh\/?page_id=556"},"modified":"2025-12-23T15:54:48","modified_gmt":"2025-12-23T14:54:48","slug":"2010-05-24","status":"publish","type":"page","link":"https:\/\/chemins.ovh\/?page_id=556","title":{"rendered":"01-07 Lundi 24 Mai 2010 St Chely d&rsquo;Aubrac"},"content":{"rendered":"<p>[et_pb_section fb_built=\u00a0\u00bb1&Prime; _builder_version=\u00a0\u00bb4.24.2&Prime; _module_preset=\u00a0\u00bbdefault\u00a0\u00bb background_color=\u00a0\u00bbrgba(190,244,202,0.95)\u00a0\u00bb background_enable_image=\u00a0\u00bboff\u00a0\u00bb background_size=\u00a0\u00bbcontain\u00a0\u00bb background_position=\u00a0\u00bbtop_center\u00a0\u00bb width=\u00a0\u00bb100%\u00a0\u00bb max_width=\u00a0\u00bb100%\u00a0\u00bb custom_margin=\u00a0\u00bb-20px||||false|false\u00a0\u00bb global_colors_info=\u00a0\u00bb{}\u00a0\u00bb][et_pb_row _builder_version=\u00a0\u00bb4.24.2&Prime; _module_preset=\u00a0\u00bbdefault\u00a0\u00bb background_color=\u00a0\u00bbrgba(190,244,202,0.95)\u00a0\u00bb custom_padding=\u00a0\u00bb||||false|false\u00a0\u00bb global_colors_info=\u00a0\u00bb{}\u00a0\u00bb][et_pb_column type=\u00a0\u00bb4_4&Prime; _builder_version=\u00a0\u00bb4.24.2&Prime; _module_preset=\u00a0\u00bbdefault\u00a0\u00bb global_colors_info=\u00a0\u00bb{}\u00a0\u00bb][et_pb_image src=\u00a0\u00bbhttp:\/\/chemins.ovh\/wp-content\/uploads\/2025\/10\/St-Chely-dAubrac.jpg\u00a0\u00bb title_text=\u00a0\u00bbSt Chely d&rsquo;Aubrac\u00a0\u00bb _builder_version=\u00a0\u00bb4.24.2&Prime; _module_preset=\u00a0\u00bbdefault\u00a0\u00bb background_color=\u00a0\u00bbrgba(190,244,202,0.95)\u00a0\u00bb custom_margin=\u00a0\u00bb-20px||||false|false\u00a0\u00bb global_colors_info=\u00a0\u00bb{}\u00a0\u00bb][\/et_pb_image][et_pb_text _builder_version=\u00a0\u00bb4.24.2&Prime; _module_preset=\u00a0\u00bbdefault\u00a0\u00bb background_color=\u00a0\u00bbrgba(190,244,202,0.95)\u00a0\u00bb custom_margin=\u00a0\u00bb-10px||-40px||false|false\u00a0\u00bb border_radii=\u00a0\u00bbon|1px|1px|1px|1px\u00a0\u00bb border_width_all=\u00a0\u00bb1px\u00a0\u00bb border_color_all=\u00a0\u00bb#000000&Prime; box_shadow_style=\u00a0\u00bbpreset2&Prime; global_colors_info=\u00a0\u00bb{}\u00a0\u00bb]<\/p>\n<h1 style=\"text-align: center;\"><strong>Lundi 24 Mai 2010<\/strong><\/h1>\n<p>[\/et_pb_text][\/et_pb_column][\/et_pb_row][\/et_pb_section][et_pb_section fb_built=\u00a0\u00bb1&Prime; _builder_version=\u00a0\u00bb4.24.2&Prime; _module_preset=\u00a0\u00bbdefault\u00a0\u00bb background_color=\u00a0\u00bbrgba(190,244,202,0.95)\u00a0\u00bb custom_margin=\u00a0\u00bb-80px||||false|false\u00a0\u00bb global_colors_info=\u00a0\u00bb{}\u00a0\u00bb][et_pb_row column_structure=\u00a0\u00bb1_3,2_3&Prime; _builder_version=\u00a0\u00bb4.24.2&Prime; _module_preset=\u00a0\u00bbdefault\u00a0\u00bb background_color=\u00a0\u00bbrgba(190,244,202,0.95)\u00a0\u00bb width=\u00a0\u00bb100%\u00a0\u00bb max_width=\u00a0\u00bb1080px\u00a0\u00bb global_colors_info=\u00a0\u00bb{}\u00a0\u00bb][et_pb_column type=\u00a0\u00bb1_3&Prime; _builder_version=\u00a0\u00bb4.24.2&Prime; _module_preset=\u00a0\u00bbdefault\u00a0\u00bb global_colors_info=\u00a0\u00bb{}\u00a0\u00bb][et_pb_gallery gallery_ids=\u00a0\u00bb564,565,566,567,568,569,570,571,572,573,574,575,576,577,578,579,580,581,582,583,584,585&Prime; posts_number=\u00a0\u00bb12&Prime; db_images_per_row=\u00a0\u00bb2&Prime; db_image_max_width=\u00a0\u00bb80%\u00a0\u00bb db_image_max_height=\u00a0\u00bb100%\u00a0\u00bb db_image_row_spacing=\u00a0\u00bb0&Prime; dbdb_version=\u00a0\u00bb4.3.5&Prime; show_pagination=\u00a0\u00bboff\u00a0\u00bb _builder_version=\u00a0\u00bb4.24.2&Prime; _module_preset=\u00a0\u00bbdefault\u00a0\u00bb title_font_size=\u00a0\u00bb12px\u00a0\u00bb background_color=\u00a0\u00bbrgba(190,244,202,0.95)\u00a0\u00bb module_alignment=\u00a0\u00bbcenter\u00a0\u00bb custom_margin=\u00a0\u00bb2px|||2px|false|false\u00a0\u00bb custom_padding=\u00a0\u00bb||||false|false\u00a0\u00bb box_shadow_style_image=\u00a0\u00bbpreset2&Prime; global_colors_info=\u00a0\u00bb{}\u00a0\u00bb][\/et_pb_gallery][\/et_pb_column][et_pb_column type=\u00a0\u00bb2_3&Prime; _builder_version=\u00a0\u00bb4.24.2&Prime; _module_preset=\u00a0\u00bbdefault\u00a0\u00bb global_colors_info=\u00a0\u00bb{}\u00a0\u00bb][et_pb_text admin_label=\u00a0\u00bb\u00e9tape\u00a0\u00bb _builder_version=\u00a0\u00bb4.24.2&Prime; _module_preset=\u00a0\u00bbdefault\u00a0\u00bb background_color=\u00a0\u00bbrgba(190,244,202,0.95)\u00a0\u00bb border_radii=\u00a0\u00bbon|1px|1px|1px|1px\u00a0\u00bb border_width_all=\u00a0\u00bb1px\u00a0\u00bb box_shadow_style=\u00a0\u00bbpreset2&Prime; global_colors_info=\u00a0\u00bb{}\u00a0\u00bb]<\/p>\n<h1 style=\"text-align: center;\">\u00a0<\/h1>\n<h1 style=\"text-align: center;\"><strong>\u00a06\u00e8me \u00e9tape St Chely d&rsquo;Aubrac<\/strong><\/h1>\n<p>[\/et_pb_text][et_pb_text admin_label=\u00a0\u00bbst Chely d&rsquo;Aubrac\u00a0\u00bb _builder_version=\u00a0\u00bb4.24.2&Prime; _module_preset=\u00a0\u00bbdefault\u00a0\u00bb text_font=\u00a0\u00bb|600|||||||\u00a0\u00bb text_text_color=\u00a0\u00bb#000000&Prime; text_font_size=\u00a0\u00bb16px\u00a0\u00bb background_color=\u00a0\u00bbrgba(190,244,202,0.95)\u00a0\u00bb text_orientation=\u00a0\u00bbjustified\u00a0\u00bb custom_margin=\u00a0\u00bb||||false|false\u00a0\u00bb custom_padding=\u00a0\u00bb10px|10px|10px|10px|false|false\u00a0\u00bb border_radii=\u00a0\u00bbon|1px|1px|1px|1px\u00a0\u00bb border_width_all=\u00a0\u00bb1px\u00a0\u00bb border_color_all=\u00a0\u00bb#000000&Prime; box_shadow_style=\u00a0\u00bbpreset2&Prime; global_colors_info=\u00a0\u00bb{}\u00a0\u00bb]<\/p>\n<p>Kilom\u00e9trage : 28 kms\u00a0\u00a0\u00a0\u00a0\u00a0\u00a0\u00a0\u00a0\u00a0 H\u00e9bergement : G\u00eete St Andr\u00e9 \u00e0 St Chely d&rsquo;Aubrac<\/p>\n<p>D\u00e9part \u00e0 7 H 40 Tr\u00e8s beau temps. Nous prenons la direction de Finieyrols.\u00a0 Au sommet de la colline (1273 m) nous d\u00e9bouchons sur une grande draille qui nous m\u00e8nera \u00e0 Rieutort d\u2019Aubrac (1188 m),\u00a0 sur notre route se trouve un four banal et 2 abreuvoirs. La route que nous empruntons est bord\u00e9e de fleurs, encore des an\u00e9mones pulsatilles. Sur notre droite, un cours d\u2019eau le Bez Bes dont les m\u00e9andres font penser aux eaux tortes dans l&rsquo;Ubaye, le ciel est bleu et se refl\u00e8te dans l\u2019eau. Paysage magnifique.<\/p>\n<p>De l\u2019autre c\u00f4t\u00e9 du cours d\u2019eau existait auparavant le moulin de Bounquincan, maintenant un \u00e9levage de bovins a remplac\u00e9 ce moulin, nom donn\u00e9 \u00e0 ce site en souvenir du capitaine anglais Buckingham. Nous passons le pont au dessus du Bez Bes et nous grimpons vers le petit village de Montgros o\u00f9 se trouve un super g\u00eete \u00ab La Maison de Rosalie \u00bb. Nicole, la bretonne d\u00e9j\u00e0 rencontr\u00e9e s\u2019y est arr\u00eat\u00e9e pour prendre un th\u00e9, le th\u00e9 lui est rest\u00e9 en travers car elle n\u2019a eu qu\u2019une petite tasse et pay\u00e9 assez cher.<\/p>\n<p>Nous continuons pour arriver \u00e0 Nasbinals (1180 m), passage par l\u2019\u00e9glise romane du XIVe construite en basalte brun sous des toits de schiste, le clocher octogonal. Le portail \u00e0 double voussure en plein cintre s\u2019ouvre sur la place du village. Trois chapiteaux sont sculpt\u00e9s de feuillage, le quatri\u00e8me pr\u00e9sente le combat d\u2019un sagittaire et d\u2019un lancier. A l\u2019office du tourisme, on nous appose le tampon sur la cr\u00e9anciale. Un petit tour \u00e0 l\u2019\u00e9picerie pour y prendre des sandwichs et aussi des sparadraps pour les ampoules.<\/p>\n<p>Et nous reprenons la route au dessus de Nasbinals, passage par un petit bois tr\u00e8s agr\u00e9able. Une petite grimpette nous m\u00e8ne sur les grandes plaines du plateau de l\u2019Aubrac. Nous marchons sur un chemin empierr\u00e9 ensuite sur une draille qui monte vers deux burons. A travers les p\u00e2turages, nous apercevons le buron de Ginestouse-Haut. On croise le sentier qui m\u00e8ne \u00e0 la ferme de Ginestouse (1315 m). Apr\u00e8s avoir pris notre repas de midi sous un arbre avec les p\u00e2turages \u00e0 nos pieds, nous reprenons le chemin, nous passons au dessus d\u2019un petit ruisseau et nous suivons une grande draille vers Aubrac (1307 m).<\/p>\n<p>La descente vers Aubrac se fait tranquillement, nous passons en Aveyron \u00e0 l\u2019entr\u00e9e d\u2019Aubrac. Nous visitons l\u2019\u00e9glise Notre Dame des Pauvres d\u2019Aubrac, Il existe toute une histoire concernant un hospice fond\u00e9 en 1120 et 1122. La tour des anglais se trouve juste \u00e0 c\u00f4t\u00e9 de l\u2019\u00e9glise et date de la guerre de cent ans, elle n\u2019a jamais servi. Nous nous arr\u00eatons pour manger une tarte aux abricots au centre d\u2019Aubrac et nous reprenons la route pour le Belvezet. Ce chemin fut le plus difficile de la journ\u00e9e, il descend vers le pied du neck volcanique de Belvezet (1144 m), piton portant les ruines d\u2019un donjon. Nous marchons entre deux rang\u00e9es de pierre, le sentier est d\u00e9fonc\u00e9 et boueux par endroit.<\/p>\n<p>Nous nous enfon\u00e7ons entre les fr\u00eanes ensuite apr\u00e8s un moment, nous rejoignons la route de St Ch\u00e9ly d\u2019Aubrac par un sentier bord\u00e9 de murets. Nous sommes presque arriv\u00e9s au G\u00eete St Andr\u00e9 tenu par un jeune couple.<\/p>\n<p>Ce g\u00eete est accueillant, il a \u00e9t\u00e9 r\u00e9cemment refait, nous avons une chambre avec douche et wc \u00e0 l\u2019int\u00e9rieur. Tr\u00e8s confortable. Le repas du soir est tr\u00e8s convivial, nous faisons connaissance avec d\u2019autres p\u00e8lerins et des marcheurs faisant le tour de l\u2019Aubrac. Nous retrouvons, Nicole la bretonne et la petite canadienne Catherine qui doit se reposer, elle a des probl\u00e8mes de chaussures, ses pieds sont ab\u00eem\u00e9s et ne supportent plus les chaussures trop petites.<\/p>\n<p>A table, le groupe qui fait le tour de l&rsquo;Aubrac. L&rsquo;un d&rsquo;eux a de la famille dans le Nord \u00e0 Quesnoy sur Deule, c&rsquo;est \u00e0 c\u00f4t\u00e9 de chez nous, le monde est vraiment petit. Un groupe de 2 couples dont l&rsquo;un des hommes se dit rebouteux se propose de soigner Catherine. Elle semble effray\u00e9e et ne veut pas. Nous regagnons notre chambre pour une nuit r\u00e9paratrice.<\/p>\n<p>[\/et_pb_text][et_pb_gallery gallery_ids=\u00a0\u00bb586,587,588,589,590,591,592,593,594,595,596,597,598&Prime; posts_number=\u00a0\u00bb13&Prime; db_images_per_row=\u00a0\u00bb4&Prime; db_image_max_width=\u00a0\u00bb80%\u00a0\u00bb db_image_max_height=\u00a0\u00bb100%\u00a0\u00bb db_image_row_spacing=\u00a0\u00bb0&Prime; dbdb_version=\u00a0\u00bb4.3.5&Prime; show_pagination=\u00a0\u00bboff\u00a0\u00bb _builder_version=\u00a0\u00bb4.24.2&Prime; _module_preset=\u00a0\u00bbdefault\u00a0\u00bb title_font_size=\u00a0\u00bb12px\u00a0\u00bb module_alignment=\u00a0\u00bbcenter\u00a0\u00bb custom_margin=\u00a0\u00bb2px|||2px|false|false\u00a0\u00bb custom_padding=\u00a0\u00bb||||false|false\u00a0\u00bb border_color_all=\u00a0\u00bb#000000&Prime; box_shadow_style_image=\u00a0\u00bbpreset2&Prime; global_colors_info=\u00a0\u00bb{}\u00a0\u00bb][\/et_pb_gallery][\/et_pb_column][\/et_pb_row][\/et_pb_section]<\/p>\n","protected":false},"excerpt":{"rendered":"<p>Lundi 24 Mai 2010\u00a0 \u00a06\u00e8me \u00e9tape St Chely d&rsquo;AubracKilom\u00e9trage : 28 kms\u00a0\u00a0\u00a0\u00a0\u00a0\u00a0\u00a0\u00a0\u00a0 H\u00e9bergement : G\u00eete St Andr\u00e9 \u00e0 St Chely d&rsquo;Aubrac D\u00e9part \u00e0 7 H 40 Tr\u00e8s beau temps. Nous prenons la direction de Finieyrols.\u00a0 Au sommet de la colline (1273 m) nous d\u00e9bouchons sur une grande draille qui nous m\u00e8nera \u00e0 Rieutort d\u2019Aubrac (1188 [&hellip;]<\/p>\n","protected":false},"author":1,"featured_media":0,"parent":0,"menu_order":0,"comment_status":"closed","ping_status":"closed","template":"","meta":{"_et_pb_use_builder":"on","_et_pb_old_content":"","_et_gb_content_width":"","footnotes":""},"class_list":["post-556","page","type-page","status-publish","hentry"],"_links":{"self":[{"href":"https:\/\/chemins.ovh\/index.php?rest_route=\/wp\/v2\/pages\/556","targetHints":{"allow":["GET"]}}],"collection":[{"href":"https:\/\/chemins.ovh\/index.php?rest_route=\/wp\/v2\/pages"}],"about":[{"href":"https:\/\/chemins.ovh\/index.php?rest_route=\/wp\/v2\/types\/page"}],"author":[{"embeddable":true,"href":"https:\/\/chemins.ovh\/index.php?rest_route=\/wp\/v2\/users\/1"}],"replies":[{"embeddable":true,"href":"https:\/\/chemins.ovh\/index.php?rest_route=%2Fwp%2Fv2%2Fcomments&post=556"}],"version-history":[{"count":12,"href":"https:\/\/chemins.ovh\/index.php?rest_route=\/wp\/v2\/pages\/556\/revisions"}],"predecessor-version":[{"id":1402,"href":"https:\/\/chemins.ovh\/index.php?rest_route=\/wp\/v2\/pages\/556\/revisions\/1402"}],"wp:attachment":[{"href":"https:\/\/chemins.ovh\/index.php?rest_route=%2Fwp%2Fv2%2Fmedia&parent=556"}],"curies":[{"name":"wp","href":"https:\/\/api.w.org\/{rel}","templated":true}]}}