{"id":470,"date":"2025-10-29T11:37:35","date_gmt":"2025-10-29T10:37:35","guid":{"rendered":"https:\/\/chemins.ovh\/?page_id=470"},"modified":"2025-11-29T14:25:44","modified_gmt":"2025-11-29T13:25:44","slug":"2010-05-22","status":"publish","type":"page","link":"https:\/\/chemins.ovh\/?page_id=470","title":{"rendered":"01-05 Samedi 22 Mai 2010 Les Estr\u00e9es"},"content":{"rendered":"<p>[et_pb_section fb_built=\u00a0\u00bb1&Prime; _builder_version=\u00a0\u00bb4.24.2&Prime; _module_preset=\u00a0\u00bbdefault\u00a0\u00bb background_color=\u00a0\u00bbrgba(190,244,202,0.95)\u00a0\u00bb background_enable_image=\u00a0\u00bboff\u00a0\u00bb background_size=\u00a0\u00bbcontain\u00a0\u00bb background_position=\u00a0\u00bbtop_center\u00a0\u00bb width=\u00a0\u00bb100%\u00a0\u00bb max_width=\u00a0\u00bb100%\u00a0\u00bb custom_margin=\u00a0\u00bb-20px||||false|false\u00a0\u00bb global_colors_info=\u00a0\u00bb{}\u00a0\u00bb][et_pb_row _builder_version=\u00a0\u00bb4.24.2&Prime; _module_preset=\u00a0\u00bbdefault\u00a0\u00bb background_color=\u00a0\u00bbrgba(190,244,202,0.95)\u00a0\u00bb custom_padding=\u00a0\u00bb||||false|false\u00a0\u00bb global_colors_info=\u00a0\u00bb{}\u00a0\u00bb][et_pb_column type=\u00a0\u00bb4_4&Prime; _builder_version=\u00a0\u00bb4.24.2&Prime; _module_preset=\u00a0\u00bbdefault\u00a0\u00bb global_colors_info=\u00a0\u00bb{}\u00a0\u00bb][et_pb_image src=\u00a0\u00bbhttp:\/\/chemins.ovh\/wp-content\/uploads\/2025\/10\/Les-Estrees.jpg\u00a0\u00bb title_text=\u00a0\u00bbLes Estr\u00e9es\u00a0\u00bb _builder_version=\u00a0\u00bb4.24.2&Prime; _module_preset=\u00a0\u00bbdefault\u00a0\u00bb background_color=\u00a0\u00bbrgba(190,244,202,0.95)\u00a0\u00bb custom_margin=\u00a0\u00bb-20px||||false|false\u00a0\u00bb global_colors_info=\u00a0\u00bb{}\u00a0\u00bb][\/et_pb_image][et_pb_text _builder_version=\u00a0\u00bb4.24.2&Prime; _module_preset=\u00a0\u00bbdefault\u00a0\u00bb background_color=\u00a0\u00bbrgba(190,244,202,0.95)\u00a0\u00bb custom_margin=\u00a0\u00bb-10px||-40px||false|false\u00a0\u00bb border_radii=\u00a0\u00bbon|1px|1px|1px|1px\u00a0\u00bb border_width_all=\u00a0\u00bb1px\u00a0\u00bb border_color_all=\u00a0\u00bb#000000&Prime; box_shadow_style=\u00a0\u00bbpreset2&Prime; global_colors_info=\u00a0\u00bb{}\u00a0\u00bb]<\/p>\n<h1 style=\"text-align: center;\"><strong>Samedi 22 Mai 2010<\/strong><\/h1>\n<p>[\/et_pb_text][\/et_pb_column][\/et_pb_row][\/et_pb_section][et_pb_section fb_built=\u00a0\u00bb1&Prime; _builder_version=\u00a0\u00bb4.24.2&Prime; _module_preset=\u00a0\u00bbdefault\u00a0\u00bb background_color=\u00a0\u00bbrgba(190,244,202,0.95)\u00a0\u00bb custom_margin=\u00a0\u00bb-80px||||false|false\u00a0\u00bb global_colors_info=\u00a0\u00bb{}\u00a0\u00bb][et_pb_row column_structure=\u00a0\u00bb1_3,2_3&Prime; _builder_version=\u00a0\u00bb4.24.2&Prime; _module_preset=\u00a0\u00bbdefault\u00a0\u00bb background_color=\u00a0\u00bbrgba(190,244,202,0.95)\u00a0\u00bb width=\u00a0\u00bb100%\u00a0\u00bb max_width=\u00a0\u00bb1080px\u00a0\u00bb global_colors_info=\u00a0\u00bb{}\u00a0\u00bb][et_pb_column type=\u00a0\u00bb1_3&Prime; _builder_version=\u00a0\u00bb4.24.2&Prime; _module_preset=\u00a0\u00bbdefault\u00a0\u00bb global_colors_info=\u00a0\u00bb{}\u00a0\u00bb][et_pb_gallery gallery_ids=\u00a0\u00bb475,476,477,478,479,480,481,482,483,484,485,486,487,488,489,490,491,492,493,494&Prime; posts_number=\u00a0\u00bb20&Prime; db_images_per_row=\u00a0\u00bb2&Prime; db_image_max_width=\u00a0\u00bb80%\u00a0\u00bb db_image_max_height=\u00a0\u00bb100%\u00a0\u00bb db_image_row_spacing=\u00a0\u00bb0&Prime; dbdb_version=\u00a0\u00bb4.3.5&Prime; show_pagination=\u00a0\u00bboff\u00a0\u00bb _builder_version=\u00a0\u00bb4.24.2&Prime; _module_preset=\u00a0\u00bbdefault\u00a0\u00bb title_font_size=\u00a0\u00bb12px\u00a0\u00bb background_color=\u00a0\u00bbrgba(190,244,202,0.95)\u00a0\u00bb module_alignment=\u00a0\u00bbcenter\u00a0\u00bb custom_margin=\u00a0\u00bb2px|||2px|false|false\u00a0\u00bb custom_padding=\u00a0\u00bb||||false|false\u00a0\u00bb box_shadow_style_image=\u00a0\u00bbpreset2&Prime; global_colors_info=\u00a0\u00bb{}\u00a0\u00bb][\/et_pb_gallery][\/et_pb_column][et_pb_column type=\u00a0\u00bb2_3&Prime; _builder_version=\u00a0\u00bb4.24.2&Prime; _module_preset=\u00a0\u00bbdefault\u00a0\u00bb global_colors_info=\u00a0\u00bb{}\u00a0\u00bb][et_pb_text admin_label=\u00a0\u00bb\u00e9tape\u00a0\u00bb _builder_version=\u00a0\u00bb4.24.2&Prime; _module_preset=\u00a0\u00bbdefault\u00a0\u00bb background_color=\u00a0\u00bbrgba(190,244,202,0.95)\u00a0\u00bb border_radii=\u00a0\u00bbon|1px|1px|1px|1px\u00a0\u00bb border_width_all=\u00a0\u00bb1px\u00a0\u00bb box_shadow_style=\u00a0\u00bbpreset2&Prime; global_colors_info=\u00a0\u00bb{}\u00a0\u00bb]<\/p>\n<h1 style=\"text-align: center;\">\u00a0<\/h1>\n<h1 style=\"text-align: center;\"><strong>\u00a04\u00e8me \u00e9tape Les Estr\u00e9es<\/strong><\/h1>\n<p>[\/et_pb_text][et_pb_text admin_label=\u00a0\u00bbLes Estr\u00e9es\u00a0\u00bb _builder_version=\u00a0\u00bb4.24.2&Prime; _module_preset=\u00a0\u00bbdefault\u00a0\u00bb text_font=\u00a0\u00bb|600|||||||\u00a0\u00bb text_text_color=\u00a0\u00bb#000000&Prime; text_font_size=\u00a0\u00bb16px\u00a0\u00bb background_color=\u00a0\u00bbrgba(190,244,202,0.95)\u00a0\u00bb text_orientation=\u00a0\u00bbjustified\u00a0\u00bb custom_margin=\u00a0\u00bb||||false|false\u00a0\u00bb custom_padding=\u00a0\u00bb10px|10px|10px|10px|false|false\u00a0\u00bb border_radii=\u00a0\u00bbon|1px|1px|1px|1px\u00a0\u00bb border_width_all=\u00a0\u00bb1px\u00a0\u00bb border_color_all=\u00a0\u00bb#000000&Prime; box_shadow_style=\u00a0\u00bbpreset2&Prime; global_colors_info=\u00a0\u00bb{}\u00a0\u00bb]<\/p>\n<p>Kilom\u00e9trage : 29 kms\u00a0\u00a0\u00a0\u00a0\u00a0\u00a0\u00a0\u00a0\u00a0 H\u00e9bergement : G\u00eete de Pascal Rousset aux Estr\u00e9es<\/p>\n<p>Ce matin,\u00a0 nous nous levons \u00e0 6 H 30, une grosse brume nous attend. Le chemin se trouve juste devant notre fen\u00eatre. D\u00e9part\u00a0vers 7 H 30, Jean Louis insiste pour nous donner le parcours de l&rsquo;ancien trac\u00e9 du chemin \u00e9vitant\u00a0le Domaine du Sauvage, le nouveau trac\u00e9 est plus long et\u00a0n&rsquo;apporte rien.<\/p>\n<p>D\u00e8s le d\u00e9part une petite c\u00f4te nous attend, pas tr\u00e8s difficile mais assez longue. Elle nous m\u00e8ne en for\u00eat pour rejoindre le village de Chanaleilles. En montant dans la for\u00eat le nez dans le guidon, nous loupons un embranchement. Nous grimpons jusqu&rsquo;en haut et l\u00e0 gros doute car 3 possibilit\u00e9s. Apr\u00e8s bien des h\u00e9sitations, nous optons pour partir vers la ligne \u00e0 haute tension que nous trouvons sur la carte. C&rsquo;\u00e9tait la bonne option, un cultivateur rencontr\u00e9 nous confirme que le chemin est juste en dessous mais que nous allons le rejoindre en continant.<\/p>\n<p>Au hameau, nous prenons la variante indiqu\u00e9e par Jean Louis. Cet ancien chemin sous bois est tr\u00e8s agr\u00e9able, nous suivons la ligne haute tension pour ne pas nous perdre et de toute fa\u00e7on, si les anciennes balises ont \u00e9t\u00e9 effac\u00e9es au niveau de la d\u00e9viation, elles subsistent dans le sous-bois.\u00a0 A la sortie du bois, nous sommes pr\u00e8s d\u2019une grande plaine, nous passons un petit ruisseau et nous retrouvons la route. Nous marcherons sur le macadam pendant un moment.<\/p>\n<p>La route \u00e9tant sur\u00e9lev\u00e9e nous apercevons le Domaine du Sauvage dans le fond. Nous rencontrons Jean-Louis qui est all\u00e9 d\u00e9pos\u00e9 plus loin un p\u00e8lerin qui a mal au genou. Il est super ce Jean-Louis.<\/p>\n<p>Nous arrivons \u00e0 la chapelle St Roch (1290 m), elle est malheureusement ferm\u00e9e mais \u00e0 c\u00f4t\u00e9 se trouve un abri pour p\u00e8lerin. Un livre d\u2019or est pos\u00e9 sur la table et la derni\u00e8re personne \u00e0 avoir not\u00e9 un message vient du Sauvage et semble m\u00e9contente de l\u2019accueil.<\/p>\n<p>Face \u00e0 la chapelle se trouve le chemin que nous devons emprunter. Il redescend et va nous mener au Rouget (1017 m). En for\u00eat, nous nous arr\u00eatons pour pique niquer sous les arbres car il fait chaud. Sur le chemin, une vip\u00e8re se glisse dans les herbes, nous avons juste le temps de la prendre en photo.<\/p>\n<p>Apr\u00e8s le Rouget, le premier village travers\u00e9 est St Alban sur Limagnole (950 m). Il s\u2019agit d\u2019une petite ville. Nous passons pr\u00e8s de l\u2019h\u00f4pital psychiatrique, il couvre une grande partie du village. Cela explique la rencontre surprenante quand on ne s&rsquo;y attend pas de personnes portant des casques. Nous apprendrons que cet h\u00f4pital\u00a0a une grande notori\u00e9t\u00e9.<\/p>\n<p>Nous arrivons au Ch\u00e2teau de St Alban qui est aussi l\u2019Office du tourisme. Magnifique ch\u00e2teau avec trois galeries superpos\u00e9es et group\u00e9es autour d\u2019une cour int\u00e9rieure. La secr\u00e9taire de l\u2019office de tourisme, install\u00e9e dans une aile du ch\u00e2teau, nous invite \u00e0 entrer par la cour int\u00e9rieure pour visiter l\u2019exposition sur St Jacques. Un mannequin est cens\u00e9 repr\u00e9senter un\u00a0p\u00e8lerin mais fait\u00a0plus penser \u00e0 Dark Vador. Nous en profitons pour se faire tamponner\u00a0notre cr\u00e9anciale.<\/p>\n<p>Nous quittons le ch\u00e2teau, pour descendre vers le centre de St Alban. Au coin d\u2019une rue, nous tombons nez \u00e0 nez avec nos deux parisiennes Maryse et Mireille qui sont contentes de nous voir apr\u00e8s deux jours et qui nous racontent un peu leur m\u00e9saventure. Maryse avait perdu son appareil photo et un p\u00e8lerin le lui a ramen\u00e9 le lendemain. Elles retournent \u00e0 leur g\u00eete.<\/p>\n<p>A l\u2019\u00e9glise de St Alban, nous retrouvons notre Irlandais et un des bretons qui se trouvaient aux 2 p\u00e8lerins la veille. Nous visitons l\u2019\u00e9glise romane remani\u00e9e \u00e0 diverses \u00e9poques et surmont\u00e9e d\u2019un clocher mur \u00e0 trois baies et supportant un clocheton. Nous reprenons la route apr\u00e8s nous \u00eatre ravitaill\u00e9s en barre de c\u00e9r\u00e9ales. Nous nous dirigeons vers Les Estr\u00e9es (940 m).<\/p>\n<p>Encore quelques kilom\u00e8tres et nous atteignons le g\u00eete Rousset. Tr\u00e8s beau g\u00eete mais d\u00e9j\u00e0 beaucoup de p\u00e8lerins arriv\u00e9s avant nous attendent le souper. L\u2019accueil n\u2019est pas des meilleurs. Nous tombons sur un groupe repli\u00e9 sur lui-m\u00eame, aucun contact, aucune convivialit\u00e9.<\/p>\n<p>Au repas du soir, derniers\u00a0arriv\u00e9s\u00a0nous nous installons \u00e0 une petite table avec 3 dames bretonnes et 2 lilloises. Nous faisons connaissance avec les bretonnes tr\u00e8s sympas qui\u00a0terminent leur chemin et prennent la malle postale le lendemain matin. Elles nous indiquent que la table voisine est occup\u00e9e par 12 personnes\u00a0venant de Maubeuge.<\/p>\n<p>Apr\u00e8s leur accueil glacial voire d\u00e9daigneux \u00e0 notre arriv\u00e9e, toujours aussi peu\u00a0sympa. La convivialit\u00e9 l\u00e9gendaire du Nord en prend un sacr\u00e9 coup.Nous allons vite nous coucher apr\u00e8s le souper car la journ\u00e9e a \u00e9t\u00e9 longue, le podom\u00e8tre indique 31 kms. La chambre est confortable avec WC et douche tr\u00e8s moderne.<\/p>\n<p>Impression\u00a0: Beau g\u00eete mais c\u2019est le seul int\u00e9r\u00eat, l\u2019amabilit\u00e9 du propri\u00e9taire ne nous a pas convaincu, il est surtout int\u00e9ress\u00e9 par ce que vont lui rapporter les p\u00e8lerins. Il nous le dit d&rsquo;ailleurs clairement. Peu lui importe l&rsquo;accueil, il mise\u00a0sur le confort des chambres. L\u2019important c\u2019est le chiffre d\u2019affaires. Ne pas conseiller.<\/p>\n<p>[\/et_pb_text][et_pb_gallery gallery_ids=\u00a0\u00bb498,497,496,495&Prime; db_images_per_row=\u00a0\u00bb4&Prime; db_image_max_width=\u00a0\u00bb80%\u00a0\u00bb db_image_max_height=\u00a0\u00bb100%\u00a0\u00bb db_image_row_spacing=\u00a0\u00bb0&Prime; dbdb_version=\u00a0\u00bb4.3.5&Prime; show_pagination=\u00a0\u00bboff\u00a0\u00bb _builder_version=\u00a0\u00bb4.24.2&Prime; _module_preset=\u00a0\u00bbdefault\u00a0\u00bb title_font_size=\u00a0\u00bb12px\u00a0\u00bb module_alignment=\u00a0\u00bbcenter\u00a0\u00bb custom_margin=\u00a0\u00bb2px|||2px|false|false\u00a0\u00bb custom_padding=\u00a0\u00bb||||false|false\u00a0\u00bb border_color_all=\u00a0\u00bb#000000&Prime; box_shadow_style_image=\u00a0\u00bbpreset2&Prime; global_colors_info=\u00a0\u00bb{}\u00a0\u00bb][\/et_pb_gallery][\/et_pb_column][\/et_pb_row][\/et_pb_section]<\/p>\n","protected":false},"excerpt":{"rendered":"<p>Samedi 22 Mai 2010\u00a0 \u00a04\u00e8me \u00e9tape Les Estr\u00e9esKilom\u00e9trage : 29 kms\u00a0\u00a0\u00a0\u00a0\u00a0\u00a0\u00a0\u00a0\u00a0 H\u00e9bergement : G\u00eete de Pascal Rousset aux Estr\u00e9es Ce matin,\u00a0 nous nous levons \u00e0 6 H 30, une grosse brume nous attend. Le chemin se trouve juste devant notre fen\u00eatre. D\u00e9part\u00a0vers 7 H 30, Jean Louis insiste pour nous donner le parcours de l&rsquo;ancien [&hellip;]<\/p>\n","protected":false},"author":1,"featured_media":0,"parent":0,"menu_order":0,"comment_status":"closed","ping_status":"closed","template":"","meta":{"_et_pb_use_builder":"on","_et_pb_old_content":"","_et_gb_content_width":"","footnotes":""},"class_list":["post-470","page","type-page","status-publish","hentry"],"_links":{"self":[{"href":"https:\/\/chemins.ovh\/index.php?rest_route=\/wp\/v2\/pages\/470","targetHints":{"allow":["GET"]}}],"collection":[{"href":"https:\/\/chemins.ovh\/index.php?rest_route=\/wp\/v2\/pages"}],"about":[{"href":"https:\/\/chemins.ovh\/index.php?rest_route=\/wp\/v2\/types\/page"}],"author":[{"embeddable":true,"href":"https:\/\/chemins.ovh\/index.php?rest_route=\/wp\/v2\/users\/1"}],"replies":[{"embeddable":true,"href":"https:\/\/chemins.ovh\/index.php?rest_route=%2Fwp%2Fv2%2Fcomments&post=470"}],"version-history":[{"count":7,"href":"https:\/\/chemins.ovh\/index.php?rest_route=\/wp\/v2\/pages\/470\/revisions"}],"predecessor-version":[{"id":1396,"href":"https:\/\/chemins.ovh\/index.php?rest_route=\/wp\/v2\/pages\/470\/revisions\/1396"}],"wp:attachment":[{"href":"https:\/\/chemins.ovh\/index.php?rest_route=%2Fwp%2Fv2%2Fmedia&parent=470"}],"curies":[{"name":"wp","href":"https:\/\/api.w.org\/{rel}","templated":true}]}}