{"id":407,"date":"2025-10-29T10:54:53","date_gmt":"2025-10-29T09:54:53","guid":{"rendered":"https:\/\/chemins.ovh\/?page_id=407"},"modified":"2025-11-29T14:25:28","modified_gmt":"2025-11-29T13:25:28","slug":"2010-05-20","status":"publish","type":"page","link":"https:\/\/chemins.ovh\/?page_id=407","title":{"rendered":"01-03 Jeudi 20 Mai 2010 Saugues"},"content":{"rendered":"<p>[et_pb_section fb_built=\u00a0\u00bb1&Prime; _builder_version=\u00a0\u00bb4.24.2&Prime; _module_preset=\u00a0\u00bbdefault\u00a0\u00bb background_color=\u00a0\u00bbrgba(190,244,202,0.95)\u00a0\u00bb background_enable_image=\u00a0\u00bboff\u00a0\u00bb background_size=\u00a0\u00bbcontain\u00a0\u00bb background_position=\u00a0\u00bbtop_center\u00a0\u00bb width=\u00a0\u00bb100%\u00a0\u00bb max_width=\u00a0\u00bb100%\u00a0\u00bb custom_margin=\u00a0\u00bb-20px||||false|false\u00a0\u00bb global_colors_info=\u00a0\u00bb{}\u00a0\u00bb][et_pb_row _builder_version=\u00a0\u00bb4.24.2&Prime; _module_preset=\u00a0\u00bbdefault\u00a0\u00bb background_color=\u00a0\u00bbrgba(190,244,202,0.95)\u00a0\u00bb custom_padding=\u00a0\u00bb||||false|false\u00a0\u00bb global_colors_info=\u00a0\u00bb{}\u00a0\u00bb][et_pb_column type=\u00a0\u00bb4_4&Prime; _builder_version=\u00a0\u00bb4.24.2&Prime; _module_preset=\u00a0\u00bbdefault\u00a0\u00bb global_colors_info=\u00a0\u00bb{}\u00a0\u00bb][et_pb_image src=\u00a0\u00bbhttp:\/\/chemins.ovh\/wp-content\/uploads\/2025\/10\/Saugues-1.jpg\u00a0\u00bb title_text=\u00a0\u00bbSaugues\u00a0\u00bb _builder_version=\u00a0\u00bb4.24.2&Prime; _module_preset=\u00a0\u00bbdefault\u00a0\u00bb background_color=\u00a0\u00bbrgba(190,244,202,0.95)\u00a0\u00bb custom_margin=\u00a0\u00bb-20px||||false|false\u00a0\u00bb global_colors_info=\u00a0\u00bb{}\u00a0\u00bb][\/et_pb_image][et_pb_text _builder_version=\u00a0\u00bb4.24.2&Prime; _module_preset=\u00a0\u00bbdefault\u00a0\u00bb background_color=\u00a0\u00bbrgba(190,244,202,0.95)\u00a0\u00bb custom_margin=\u00a0\u00bb-10px||-40px||false|false\u00a0\u00bb border_radii=\u00a0\u00bbon|1px|1px|1px|1px\u00a0\u00bb border_width_all=\u00a0\u00bb1px\u00a0\u00bb border_color_all=\u00a0\u00bb#000000&Prime; box_shadow_style=\u00a0\u00bbpreset2&Prime; global_colors_info=\u00a0\u00bb{}\u00a0\u00bb]<\/p>\n<h1 style=\"text-align: center;\"><strong>Jeudi 20 Mai 2010<\/strong><\/h1>\n<p>[\/et_pb_text][\/et_pb_column][\/et_pb_row][\/et_pb_section][et_pb_section fb_built=\u00a0\u00bb1&Prime; _builder_version=\u00a0\u00bb4.24.2&Prime; _module_preset=\u00a0\u00bbdefault\u00a0\u00bb background_color=\u00a0\u00bbrgba(190,244,202,0.95)\u00a0\u00bb custom_margin=\u00a0\u00bb-80px||||false|false\u00a0\u00bb global_colors_info=\u00a0\u00bb{}\u00a0\u00bb][et_pb_row column_structure=\u00a0\u00bb1_3,2_3&Prime; _builder_version=\u00a0\u00bb4.24.2&Prime; _module_preset=\u00a0\u00bbdefault\u00a0\u00bb background_color=\u00a0\u00bbrgba(190,244,202,0.95)\u00a0\u00bb width=\u00a0\u00bb100%\u00a0\u00bb max_width=\u00a0\u00bb1080px\u00a0\u00bb global_colors_info=\u00a0\u00bb{}\u00a0\u00bb][et_pb_column type=\u00a0\u00bb1_3&Prime; _builder_version=\u00a0\u00bb4.24.2&Prime; _module_preset=\u00a0\u00bbdefault\u00a0\u00bb global_colors_info=\u00a0\u00bb{}\u00a0\u00bb][et_pb_gallery gallery_ids=\u00a0\u00bb383,384,385,386,387,388,389,390,391,392,393,394,395,396,397,398&Prime; posts_number=\u00a0\u00bb16&Prime; db_images_per_row=\u00a0\u00bb2&Prime; db_image_max_width=\u00a0\u00bb80%\u00a0\u00bb db_image_max_height=\u00a0\u00bb100%\u00a0\u00bb db_image_row_spacing=\u00a0\u00bb0&Prime; dbdb_version=\u00a0\u00bb4.3.5&Prime; show_pagination=\u00a0\u00bboff\u00a0\u00bb _builder_version=\u00a0\u00bb4.24.2&Prime; _module_preset=\u00a0\u00bbdefault\u00a0\u00bb title_font_size=\u00a0\u00bb12px\u00a0\u00bb background_color=\u00a0\u00bbrgba(190,244,202,0.95)\u00a0\u00bb module_alignment=\u00a0\u00bbcenter\u00a0\u00bb custom_margin=\u00a0\u00bb2px|||2px|false|false\u00a0\u00bb custom_padding=\u00a0\u00bb||||false|false\u00a0\u00bb box_shadow_style_image=\u00a0\u00bbpreset2&Prime; global_colors_info=\u00a0\u00bb{}\u00a0\u00bb][\/et_pb_gallery][\/et_pb_column][et_pb_column type=\u00a0\u00bb2_3&Prime; _builder_version=\u00a0\u00bb4.24.2&Prime; _module_preset=\u00a0\u00bbdefault\u00a0\u00bb global_colors_info=\u00a0\u00bb{}\u00a0\u00bb][et_pb_text admin_label=\u00a0\u00bb\u00e9tape\u00a0\u00bb _builder_version=\u00a0\u00bb4.24.2&Prime; _module_preset=\u00a0\u00bbdefault\u00a0\u00bb background_color=\u00a0\u00bbrgba(190,244,202,0.95)\u00a0\u00bb border_radii=\u00a0\u00bbon|1px|1px|1px|1px\u00a0\u00bb border_width_all=\u00a0\u00bb1px\u00a0\u00bb box_shadow_style=\u00a0\u00bbpreset2&Prime; global_colors_info=\u00a0\u00bb{}\u00a0\u00bb]<\/p>\n<h1 style=\"text-align: center;\">\u00a0<\/h1>\n<h1 style=\"text-align: center;\"><strong>\u00a02\u00e8me \u00e9tape Saugues<\/strong><\/h1>\n<p>[\/et_pb_text][et_pb_text admin_label=\u00a0\u00bbsaugues\u00a0\u00bb _builder_version=\u00a0\u00bb4.24.2&Prime; _module_preset=\u00a0\u00bbdefault\u00a0\u00bb text_font=\u00a0\u00bb|600|||||||\u00a0\u00bb text_text_color=\u00a0\u00bb#000000&Prime; text_font_size=\u00a0\u00bb16px\u00a0\u00bb background_color=\u00a0\u00bbrgba(190,244,202,0.95)\u00a0\u00bb text_orientation=\u00a0\u00bbjustified\u00a0\u00bb custom_margin=\u00a0\u00bb||||false|false\u00a0\u00bb custom_padding=\u00a0\u00bb10px|10px|10px|10px|false|false\u00a0\u00bb border_radii=\u00a0\u00bbon|1px|1px|1px|1px\u00a0\u00bb border_width_all=\u00a0\u00bb1px\u00a0\u00bb border_color_all=\u00a0\u00bb#000000&Prime; box_shadow_style=\u00a0\u00bbpreset2&Prime; global_colors_info=\u00a0\u00bb{}\u00a0\u00bb]<\/p>\n<p>Jeudi 20 Mai 2010\u00a0\u00a0\u00a0\u00a0\u00a0\u00a0\u00a0\u00a0\u00a0\u00a0\u00a0 De St Privat d\u2019Allier \u00e0 Saugues<\/p>\n<p>\u00a0Kilom\u00e9trage : 19 kms\u00a0\u00a0\u00a0\u00a0\u00a0\u00a0\u00a0\u00a0\u00a0 H\u00e9bergement : Chambre d&rsquo;h\u00f4tes chez Mme Villedieu \u00e0 Saugues<\/p>\n<p>Debout \u00e0 6 H 30. Apr\u00e8s petit d\u00e9jeuner, \u00a0d\u00e9part \u00e0 8 Heures, nous prenons le chemin vers Saugues. Prise de photos \u00e0 la sortie de St Privat d\u2019Allier et mont\u00e9e vers Rochegude o\u00f9 nous trouvons une magnifique chapelle sur les hauteurs.<\/p>\n<p>Apr\u00e8s Rochegude, nous descendons vers Monistrol d\u2019Allier par un chemin en partie en for\u00eat parmi les racines d\u2019arbres et les pierres. En bas du chemin nous avons m\u00eame de la boue. Derri\u00e8re nous, une dame marche seule, nous lui indiquons un petit d\u00e9tour pour \u00e9viter la boue. \u00a0Nous reprenons un bout de route pour descendre sur Monistrol (619 m), l\u00e0 nous faisons un petit ravitaillement chez le boulanger. Les deux dames du groupe Beaujolais sont \u00e9galement l\u00e0 et nous expliquent que leur coll\u00e8gue est parti \u00e0 la poste pour renvoyer certaines choses en surplus dans son sac trop lourd (comme dans le film St Jacques la Mecque).<\/p>\n<p>Nous entamons la mont\u00e9e longue et difficile vers Montaure. Prise de photos de la chapelle Ste Madeleine, grotte close du XVII\u00e8me d\u2019une fa\u00e7ade de pierre surmont\u00e9e d\u2019un fronton\u00a0. Cette chapelle se trouve dans la mont\u00e9e. Arriv\u00e9e \u00e0 Montaure (1022 m) apr\u00e8s une mont\u00e9e longue et fatiguante, \u00a0nous d\u00e9jeunons car il y a une fontaine et nous pouvons recharger nos gourdes. Nos deux parisiennes (que nous avons surnomm\u00e9es : N\u00e9pal et La couture) sont parisiennes, elles s\u2019appellent Maryse et Mireille s\u2019arr\u00eatent pr\u00e8s de nous ainsi que deux autres couples de la Marne. Nous nous remettons en route en nous promettant un arr\u00eat au prochain village nous annon\u00e7ant une tarte aux myrtilles.<\/p>\n<p>Nous descendons sur Roziers, Le Vernet, au hameau de Rognac arr\u00eat\u00a0pour notre tarte aux myrtilles, les couples de la Marne y sont avec nous mais Maryse et Mireille n\u2019y sont pas, nous pr\u00e9venons notre h\u00f4tesse de leur arriv\u00e9e. Un sentier nous am\u00e8ne jusqu&rsquo;\u00e0 la descente sur Saugues. A la sortie du sentier, nous pouvons voir la statue de bois de la b\u00eate du G\u00e9vaudan ainsi qu&rsquo;une\u00a0grande statue de la\u00a0Vierge blanche. Nous parvenons \u00e0 Saugues (960 m). Notre chambre d&rsquo;h\u00f4tes chez Mme\u00a0Bernadette Villedieu\u00a0se trouve \u00e0 la sortie de Saugues,\u00a0\u00a0Andr\u00e9e commence \u00e0 souffrir d&rsquo;ampoules.\u00a0<\/p>\n<p>D\u00e8s notre installation, je v\u00e9rifie les d\u00e9g\u00e2ts : une ampoule mal plac\u00e9e\u00a0pr\u00e8s des orteils. Retour\u00a0vers Saugues pour trouver\u00a0une pharmacie, puis visiter la ville.<\/p>\n<p>D&rsquo;abord la Coll\u00e9giale St M\u00e9dard et son tr\u00e9sor, vierge en majest\u00e9 du XIIe Pieta de la fin du XVe, trois croix processionnelles en argent repouss\u00e9 des \u0153uvres du XVe et XVIe des orf\u00e8vreries du Puy. A l\u2019entr\u00e9e de la coll\u00e9giale\u00a0une charmante dame appose son tampon sur nos cr\u00e9anciales, elle nous conseille d&rsquo;aller visiter la chapelle des P\u00e9nitents qui se trouve \u00e0 c\u00f4t\u00e9. Dans cette chapelle se trouvent install\u00e9s devant l\u2019autel, \u00a0tous les instruments de la passion mais vraiment tous, bien plus que sur les calvaires hauts alpins. On y trouve aussi\u00a0un retable du XVII\u00e8me.<\/p>\n<p>En rejoignant notre chambre d\u2019h\u00f4te, coup d&rsquo;oeil en passant\u00a0\u00e0 la tour des anglais du XIVe. Mme Villedieu nous a concoct\u00e9 un super souper. Ap\u00e9ritif au citron, soupe aux pois cass\u00e9s, crumble de l\u00e9gumes, bourguignon aux c\u00e8pes, plateau de fromages et faisselle aux fraises. Nous ne sommes pas seuls, 2 hommes dont l&rsquo;un connaissait bien la r\u00e9gion, et un groupe de ni\u00e7ois dont une femme s&rsquo;\u00e9vanouit pendant le repas, un coup de faiblesse apparemment.<\/p>\n<p>Impression\u00a0:\u00a0 Bonne journ\u00e9e, \u00e9tape difficile avec la mont\u00e9e de Monistrol et les descentes dans des chemins pierreux et plein de racines. Paysage tr\u00e8s vari\u00e9s, beau soleil, 1\u00e8res ampoules. H\u00e9bergement tr\u00e8s agr\u00e9able,\u00a0accueil tr\u00e8s sympathique de Mme Villedieu\u00a0qui nous a fait la conversation tr\u00e8s gentiment pendant le repas.\u00a0Elle nous a m\u00eame fait la lessive et l&rsquo;\u00e9pandage dans sa chaufferie pour faciliter le s\u00e9chage.<\/p>\n<p>[\/et_pb_text][et_pb_gallery gallery_ids=\u00a0\u00bb399,400,401&Prime; posts_number=\u00a0\u00bb3&Prime; db_images_per_row=\u00a0\u00bb3&Prime; db_image_max_width=\u00a0\u00bb80%\u00a0\u00bb db_image_max_height=\u00a0\u00bb100%\u00a0\u00bb db_image_row_spacing=\u00a0\u00bb0&Prime; dbdb_version=\u00a0\u00bb4.3.5&Prime; show_pagination=\u00a0\u00bboff\u00a0\u00bb _builder_version=\u00a0\u00bb4.24.2&Prime; _module_preset=\u00a0\u00bbdefault\u00a0\u00bb title_font_size=\u00a0\u00bb12px\u00a0\u00bb module_alignment=\u00a0\u00bbcenter\u00a0\u00bb custom_margin=\u00a0\u00bb2px|||2px|false|false\u00a0\u00bb custom_padding=\u00a0\u00bb||||false|false\u00a0\u00bb border_color_all=\u00a0\u00bb#000000&Prime; box_shadow_style_image=\u00a0\u00bbpreset2&Prime; global_colors_info=\u00a0\u00bb{}\u00a0\u00bb][\/et_pb_gallery][\/et_pb_column][\/et_pb_row][\/et_pb_section]<\/p>\n","protected":false},"excerpt":{"rendered":"<p>Jeudi 20 Mai 2010\u00a0 \u00a02\u00e8me \u00e9tape SauguesJeudi 20 Mai 2010\u00a0\u00a0\u00a0\u00a0\u00a0\u00a0\u00a0\u00a0\u00a0\u00a0\u00a0 De St Privat d\u2019Allier \u00e0 Saugues \u00a0Kilom\u00e9trage : 19 kms\u00a0\u00a0\u00a0\u00a0\u00a0\u00a0\u00a0\u00a0\u00a0 H\u00e9bergement : Chambre d&rsquo;h\u00f4tes chez Mme Villedieu \u00e0 Saugues Debout \u00e0 6 H 30. Apr\u00e8s petit d\u00e9jeuner, \u00a0d\u00e9part \u00e0 8 Heures, nous prenons le chemin vers Saugues. Prise de photos \u00e0 la sortie de St [&hellip;]<\/p>\n","protected":false},"author":1,"featured_media":0,"parent":0,"menu_order":0,"comment_status":"closed","ping_status":"closed","template":"","meta":{"_et_pb_use_builder":"on","_et_pb_old_content":"","_et_gb_content_width":"","footnotes":""},"class_list":["post-407","page","type-page","status-publish","hentry"],"_links":{"self":[{"href":"https:\/\/chemins.ovh\/index.php?rest_route=\/wp\/v2\/pages\/407","targetHints":{"allow":["GET"]}}],"collection":[{"href":"https:\/\/chemins.ovh\/index.php?rest_route=\/wp\/v2\/pages"}],"about":[{"href":"https:\/\/chemins.ovh\/index.php?rest_route=\/wp\/v2\/types\/page"}],"author":[{"embeddable":true,"href":"https:\/\/chemins.ovh\/index.php?rest_route=\/wp\/v2\/users\/1"}],"replies":[{"embeddable":true,"href":"https:\/\/chemins.ovh\/index.php?rest_route=%2Fwp%2Fv2%2Fcomments&post=407"}],"version-history":[{"count":12,"href":"https:\/\/chemins.ovh\/index.php?rest_route=\/wp\/v2\/pages\/407\/revisions"}],"predecessor-version":[{"id":1394,"href":"https:\/\/chemins.ovh\/index.php?rest_route=\/wp\/v2\/pages\/407\/revisions\/1394"}],"wp:attachment":[{"href":"https:\/\/chemins.ovh\/index.php?rest_route=%2Fwp%2Fv2%2Fmedia&parent=407"}],"curies":[{"name":"wp","href":"https:\/\/api.w.org\/{rel}","templated":true}]}}