{"id":301,"date":"2025-10-29T10:10:44","date_gmt":"2025-10-29T09:10:44","guid":{"rendered":"https:\/\/chemins.ovh\/?page_id=301"},"modified":"2025-12-23T15:56:28","modified_gmt":"2025-12-23T14:56:28","slug":"2010-05-19","status":"publish","type":"page","link":"https:\/\/chemins.ovh\/?page_id=301","title":{"rendered":"01-02 Mercredi 19 Mai 2010 St Privat d&rsquo;Allier"},"content":{"rendered":"<p>[et_pb_section fb_built=\u00a0\u00bb1&Prime; _builder_version=\u00a0\u00bb4.24.2&Prime; _module_preset=\u00a0\u00bbdefault\u00a0\u00bb background_color=\u00a0\u00bbrgba(190,244,202,0.95)\u00a0\u00bb background_enable_image=\u00a0\u00bboff\u00a0\u00bb background_size=\u00a0\u00bbcontain\u00a0\u00bb background_position=\u00a0\u00bbtop_center\u00a0\u00bb width=\u00a0\u00bb100%\u00a0\u00bb max_width=\u00a0\u00bb100%\u00a0\u00bb custom_margin=\u00a0\u00bb-20px||||false|false\u00a0\u00bb global_colors_info=\u00a0\u00bb{}\u00a0\u00bb][et_pb_row _builder_version=\u00a0\u00bb4.24.2&Prime; _module_preset=\u00a0\u00bbdefault\u00a0\u00bb background_color=\u00a0\u00bbrgba(190,244,202,0.95)\u00a0\u00bb custom_padding=\u00a0\u00bb||||false|false\u00a0\u00bb global_colors_info=\u00a0\u00bb{}\u00a0\u00bb][et_pb_column type=\u00a0\u00bb4_4&Prime; _builder_version=\u00a0\u00bb4.24.2&Prime; _module_preset=\u00a0\u00bbdefault\u00a0\u00bb global_colors_info=\u00a0\u00bb{}\u00a0\u00bb][et_pb_image src=\u00a0\u00bbhttp:\/\/chemins.ovh\/wp-content\/uploads\/2025\/12\/St-Privat.jpg\u00a0\u00bb title_text=\u00a0\u00bbSt Privat\u00a0\u00bb _builder_version=\u00a0\u00bb4.24.2&Prime; _module_preset=\u00a0\u00bbdefault\u00a0\u00bb background_color=\u00a0\u00bbrgba(190,244,202,0.95)\u00a0\u00bb custom_margin=\u00a0\u00bb-20px||||false|false\u00a0\u00bb global_colors_info=\u00a0\u00bb{}\u00a0\u00bb][\/et_pb_image][et_pb_text _builder_version=\u00a0\u00bb4.24.2&Prime; _module_preset=\u00a0\u00bbdefault\u00a0\u00bb background_color=\u00a0\u00bbrgba(190,244,202,0.95)\u00a0\u00bb custom_margin=\u00a0\u00bb-10px||-40px||false|false\u00a0\u00bb border_radii=\u00a0\u00bbon|1px|1px|1px|1px\u00a0\u00bb border_width_all=\u00a0\u00bb1px\u00a0\u00bb border_color_all=\u00a0\u00bb#000000&Prime; box_shadow_style=\u00a0\u00bbpreset2&Prime; global_colors_info=\u00a0\u00bb{}\u00a0\u00bb]<\/p>\n<h1 style=\"text-align: center;\"><strong>Mercredi 19 Mai 2010<\/strong><\/h1>\n<p>[\/et_pb_text][\/et_pb_column][\/et_pb_row][\/et_pb_section][et_pb_section fb_built=\u00a0\u00bb1&Prime; _builder_version=\u00a0\u00bb4.24.2&Prime; _module_preset=\u00a0\u00bbdefault\u00a0\u00bb background_color=\u00a0\u00bbrgba(190,244,202,0.95)\u00a0\u00bb custom_margin=\u00a0\u00bb-80px||||false|false\u00a0\u00bb global_colors_info=\u00a0\u00bb{}\u00a0\u00bb][et_pb_row column_structure=\u00a0\u00bb1_3,2_3&Prime; _builder_version=\u00a0\u00bb4.24.2&Prime; _module_preset=\u00a0\u00bbdefault\u00a0\u00bb background_color=\u00a0\u00bbrgba(190,244,202,0.95)\u00a0\u00bb width=\u00a0\u00bb100%\u00a0\u00bb max_width=\u00a0\u00bb1080px\u00a0\u00bb global_colors_info=\u00a0\u00bb{}\u00a0\u00bb][et_pb_column type=\u00a0\u00bb1_3&Prime; _builder_version=\u00a0\u00bb4.24.2&Prime; _module_preset=\u00a0\u00bbdefault\u00a0\u00bb global_colors_info=\u00a0\u00bb{}\u00a0\u00bb][et_pb_gallery gallery_ids=\u00a0\u00bb383,384,385,386,387,388,389,390,391,392,393,394,395,396,397,398&Prime; posts_number=\u00a0\u00bb16&Prime; db_images_per_row=\u00a0\u00bb2&Prime; db_image_max_width=\u00a0\u00bb80%\u00a0\u00bb db_image_max_height=\u00a0\u00bb100%\u00a0\u00bb db_image_row_spacing=\u00a0\u00bb0&Prime; dbdb_version=\u00a0\u00bb4.3.5&Prime; show_pagination=\u00a0\u00bboff\u00a0\u00bb _builder_version=\u00a0\u00bb4.24.2&Prime; _module_preset=\u00a0\u00bbdefault\u00a0\u00bb title_font_size=\u00a0\u00bb12px\u00a0\u00bb background_color=\u00a0\u00bbrgba(190,244,202,0.95)\u00a0\u00bb module_alignment=\u00a0\u00bbcenter\u00a0\u00bb custom_margin=\u00a0\u00bb2px|||2px|false|false\u00a0\u00bb custom_padding=\u00a0\u00bb||||false|false\u00a0\u00bb box_shadow_style_image=\u00a0\u00bbpreset2&Prime; global_colors_info=\u00a0\u00bb{}\u00a0\u00bb][\/et_pb_gallery][\/et_pb_column][et_pb_column type=\u00a0\u00bb2_3&Prime; _builder_version=\u00a0\u00bb4.24.2&Prime; _module_preset=\u00a0\u00bbdefault\u00a0\u00bb global_colors_info=\u00a0\u00bb{}\u00a0\u00bb][et_pb_text admin_label=\u00a0\u00bb\u00e9tape\u00a0\u00bb _builder_version=\u00a0\u00bb4.24.2&Prime; _module_preset=\u00a0\u00bbdefault\u00a0\u00bb background_color=\u00a0\u00bbrgba(190,244,202,0.95)\u00a0\u00bb border_radii=\u00a0\u00bbon|1px|1px|1px|1px\u00a0\u00bb border_width_all=\u00a0\u00bb1px\u00a0\u00bb box_shadow_style=\u00a0\u00bbpreset2&Prime; global_colors_info=\u00a0\u00bb{}\u00a0\u00bb]<\/p>\n<h1 style=\"text-align: center;\">\u00a0<\/h1>\n<h1 style=\"text-align: center;\"><strong>\u00a01\u00e8re \u00e9tape St Privat d&rsquo;Allier<\/strong><\/h1>\n<p>[\/et_pb_text][et_pb_text admin_label=\u00a0\u00bbArriv\u00e9e au Puy\u00a0\u00bb _builder_version=\u00a0\u00bb4.24.2&Prime; _module_preset=\u00a0\u00bbdefault\u00a0\u00bb text_font=\u00a0\u00bb|600|||||||\u00a0\u00bb text_text_color=\u00a0\u00bb#000000&Prime; text_font_size=\u00a0\u00bb16px\u00a0\u00bb background_color=\u00a0\u00bbrgba(190,244,202,0.95)\u00a0\u00bb text_orientation=\u00a0\u00bbjustified\u00a0\u00bb custom_margin=\u00a0\u00bb||||false|false\u00a0\u00bb custom_padding=\u00a0\u00bb10px|10px|10px|10px|false|false\u00a0\u00bb border_radii=\u00a0\u00bbon|1px|1px|1px|1px\u00a0\u00bb border_width_all=\u00a0\u00bb1px\u00a0\u00bb border_color_all=\u00a0\u00bb#000000&Prime; box_shadow_style=\u00a0\u00bbpreset2&Prime; global_colors_info=\u00a0\u00bb{}\u00a0\u00bb]<\/p>\n<p>Kilom\u00e9trage : 23,5 kms\u00a0\u00a0\u00a0\u00a0\u00a0\u00a0\u00a0\u00a0\u00a0 H\u00e9bergement : Le g\u00eete d&rsquo;\u00e9tape La Cabourne \u00e0 St Privat d&rsquo;Allier<\/p>\n<p>Jour du d\u00e9part, debout \u00e0 5 H 45 pour le petit d\u00e9jeuner et pour ceux qui le veulent \u00e0 7 H messe \u00e0 la cath\u00e9drale suivie de la b\u00e9n\u00e9diction des p\u00e8lerins partant sur les Chemins de St Jacques. Bien que notre but n&rsquo;ait rien de mystique, nous ne pouvons oublier que l&rsquo;essence m\u00eame du chemin est religieuse. Nous sommes pr\u00eats \u00e0 nous impr\u00e9gner de tout.\u00a0La\u00a0messe dans la cath\u00e9drale du Puy s&rsquo;impose d&rsquo;elle m\u00eame. Nous appr\u00e9cions\u00a0d&rsquo;ailleurs\u00a0l&rsquo;accueil des pr\u00eatres officiants, tr\u00e8s sympas, pas du tout pr\u00e9chi-pr\u00e9cha. Une petite r\u00e9union apr\u00e8s la c\u00e9l\u00e9bration n&rsquo;avait\u00a0d&rsquo;autre but que de conna\u00eetre les origines des p\u00e8lerins et de leur souhaiter un bon chemin.\u00a0Et aussi de valider pour la 1\u00e8re fois la cr\u00e9anciale. Apr\u00e8s\u00a0la b\u00e9n\u00e9diction, \u00a0nous recevons tous une m\u00e9daille de la Vierge Noire avec au dos, la coquille de St Jacques.\u00a0Voil\u00e0 nous sommes pr\u00eats \u00e0 partir.<\/p>\n<p>Nous traversons la cath\u00e9drale et nous descendons les marches pour une 1\u00e8re \u00e9tape qui va nous mener \u00e0 St Privat d\u2019Allier. Nous sommes tr\u00e8s peu nombreux. Environ 150 dans l&rsquo;\u00e9glise, beaucoup sont remont\u00e9s dans les chambres, d&rsquo;autres sont partis sit\u00f4t la messe finie, nous sommes quelques-uns diss\u00e9min\u00e9s dans la rue des tables. A la sortie du Puy, premi\u00e8re photo, la statue de St Jacques. Premi\u00e8re grimpette avant de partir sur\u00a0 un plateau o\u00f9 le chemin\u00a0se glisse entre zones herbeuses et zones bois\u00e9es. Dans les zones d\u00e9gag\u00e9es, il fait tr\u00e8s frais. Il faut mettre le pull. Une premi\u00e8re halte pour photographier l\u2019Eglise de St Christophe sur Dolaizon (908 m), construite en br\u00e8che volcanique rouge\u00e2tre. Le clocher arcade est perc\u00e9 de 4 ouvertures avec une cloche dans chacune. Nous en rencontrerons d\u2019autres tout au long du chemin. On les nomme soit clocher mur ou encore clocher peigne.<\/p>\n<p>Apr\u00e8s le village nous continuons sur le plateau,\u00a0temps vraiment frais avec un petit vent. Apr\u00e8s la pause casse-croute, nous gagnons une for\u00eat et l\u00e0 je m&rsquo;aper\u00e7ois que je n\u2019ai plus le boitier r\u00e9pulsif pour chiens\u00a0(achat sp\u00e9cial pour le chemin, et oui Andr\u00e9e mon \u00e9pouse a une peur maladive des chiens). Je\u00a0rebrousse chemin. Andr\u00e9e qui\u00a0m&rsquo;attend voit passer tous les p\u00e8lerins qui \u00e9taient encore derri\u00e8re nous. Certains nous ont avou\u00e9 apr\u00e8s coup avoir cru que je renon\u00e7ais\u00a0d\u00e9j\u00e0. Je la rejoins\u00a0apr\u00e8s un bon moment avec le boitier retrouv\u00e9 sur le lieu\u00a0de notre pause. Tant mieux, le premier jour d\u00e9j\u00e0 le perdre aurait \u00e9t\u00e9 rageant.\u00a0 Cet incident nous a retard\u00e9 un peu et m&rsquo;a occasionn\u00e9e une rallonge de 2 \u00e0 3 kms. Nous reprenons le chemin et nous nous arr\u00eatons \u00e0 Ramourouscle pour d\u00e9jeuner, un autre p\u00e8lerin s\u2019y arr\u00eate aussi, il est allemand et ne parle pas le fran\u00e7ais mais il est d\u00e9j\u00e0 en difficult\u00e9 et est oblig\u00e9 de prot\u00e9ger ses pieds. D&rsquo;apr\u00e8s le guide de la f\u00e9d\u00e9 nous avons loup\u00e9 \u00e0 cet endroit, une croix de 1631 avec au revers une Vierge entour\u00e9e d\u2019un ange, un porche dat\u00e9 de 1674 et une maison typique.<\/p>\n<p>Nous ne nous attardons pas car\u00a0vent est toujours aussi frais, nous continuons sur la route goudronn\u00e9e et passons devant la Chapelle St Roch. Chapelle ferm\u00e9e,\u00a0les trois p\u00e8lerins du beaujolais profitent de son abri pour faire la pause d\u00e9jeuner, on discute un peu et nous repartons vers Montbonnet (1108 m). Apr\u00e8s le village, le chemin qui monte n\u2019est pas trop difficile.\u00a0Avant la descente, \u00e0 l\u2019entr\u00e9e du hameau Le Chier, nous rencontrons deux p\u00e8lerins du Havre qui nous apprennent qu\u2019on prononce\u00a0 le Chi\u00e8re et pas le Chi\u00e9. Eux s\u2019arr\u00eatent au Chier. Nous continuons par une descente casse-cou, elle m\u00e8ne \u00e0 St Privat d\u2019Allier. (890 m). Nous les retrouvons en fin d\u2019apr\u00e8s midi \u00e0 St Privat devant une bonne bi\u00e8re \u00ab\u00a0grimbergem\u00a0\u00bb. Ils nous racontent qu\u2019en rentrant chez eux au Havre, ils iront acheter des meubles chez Crack en Belgique, pr\u00e8s de chez nous. Nous arrivons au g\u00eete communal \u00ab\u00a0la Cabourne\u00a0\u00bb de St Privat o\u00f9\u00a0nous devons attendre 16 heures l\u2019ouverture du g\u00eete. Nous avons une chambre de quatre personnes. Nous partageons la chambre avec un couple de breton bien sympa et tr\u00e8s discret.<\/p>\n<p>Impression\u00a0:\u00a0 Etape agr\u00e9able pour moi, pas difficile, pour Andr\u00e9e un peu longue.\u00a0 Soleil au d\u00e9part, vent sur les plateaux et pratiquement toute la journ\u00e9e. Soir\u00e9e tr\u00e8s fra\u00eeche.<\/p>\n<p>Repas du soir pris au restaurant pr\u00e8s du g\u00eete. Au podom\u00e8tre,\u00a0 27 kms<\/p>\n<p>&nbsp;<\/p>\n<p>[\/et_pb_text][et_pb_gallery gallery_ids=\u00a0\u00bb399,400,401&Prime; posts_number=\u00a0\u00bb3&Prime; db_images_per_row=\u00a0\u00bb3&Prime; db_image_max_width=\u00a0\u00bb80%\u00a0\u00bb db_image_max_height=\u00a0\u00bb100%\u00a0\u00bb db_image_row_spacing=\u00a0\u00bb0&Prime; dbdb_version=\u00a0\u00bb4.3.5&Prime; show_pagination=\u00a0\u00bboff\u00a0\u00bb _builder_version=\u00a0\u00bb4.24.2&Prime; _module_preset=\u00a0\u00bbdefault\u00a0\u00bb title_font_size=\u00a0\u00bb12px\u00a0\u00bb module_alignment=\u00a0\u00bbcenter\u00a0\u00bb custom_margin=\u00a0\u00bb2px|||2px|false|false\u00a0\u00bb custom_padding=\u00a0\u00bb||||false|false\u00a0\u00bb border_color_all=\u00a0\u00bb#000000&Prime; box_shadow_style_image=\u00a0\u00bbpreset2&Prime; global_colors_info=\u00a0\u00bb{}\u00a0\u00bb][\/et_pb_gallery][\/et_pb_column][\/et_pb_row][\/et_pb_section]<\/p>\n","protected":false},"excerpt":{"rendered":"<p>Mercredi 19 Mai 2010 \u00a0 \u00a01\u00e8re \u00e9tape St Privat d&rsquo;AllierKilom\u00e9trage : 23,5 kms\u00a0\u00a0\u00a0\u00a0\u00a0\u00a0\u00a0\u00a0\u00a0 H\u00e9bergement : Le g\u00eete d&rsquo;\u00e9tape La Cabourne \u00e0 St Privat d&rsquo;Allier Jour du d\u00e9part, debout \u00e0 5 H 45 pour le petit d\u00e9jeuner et pour ceux qui le veulent \u00e0 7 H messe \u00e0 la cath\u00e9drale suivie de la b\u00e9n\u00e9diction des p\u00e8lerins [&hellip;]<\/p>\n","protected":false},"author":1,"featured_media":0,"parent":0,"menu_order":0,"comment_status":"closed","ping_status":"closed","template":"","meta":{"_et_pb_use_builder":"on","_et_pb_old_content":"","_et_gb_content_width":"","footnotes":""},"class_list":["post-301","page","type-page","status-publish","hentry"],"_links":{"self":[{"href":"https:\/\/chemins.ovh\/index.php?rest_route=\/wp\/v2\/pages\/301","targetHints":{"allow":["GET"]}}],"collection":[{"href":"https:\/\/chemins.ovh\/index.php?rest_route=\/wp\/v2\/pages"}],"about":[{"href":"https:\/\/chemins.ovh\/index.php?rest_route=\/wp\/v2\/types\/page"}],"author":[{"embeddable":true,"href":"https:\/\/chemins.ovh\/index.php?rest_route=\/wp\/v2\/users\/1"}],"replies":[{"embeddable":true,"href":"https:\/\/chemins.ovh\/index.php?rest_route=%2Fwp%2Fv2%2Fcomments&post=301"}],"version-history":[{"count":21,"href":"https:\/\/chemins.ovh\/index.php?rest_route=\/wp\/v2\/pages\/301\/revisions"}],"predecessor-version":[{"id":2215,"href":"https:\/\/chemins.ovh\/index.php?rest_route=\/wp\/v2\/pages\/301\/revisions\/2215"}],"wp:attachment":[{"href":"https:\/\/chemins.ovh\/index.php?rest_route=%2Fwp%2Fv2%2Fmedia&parent=301"}],"curies":[{"name":"wp","href":"https:\/\/api.w.org\/{rel}","templated":true}]}}